{"id":6568,"date":"2020-04-01T09:13:11","date_gmt":"2020-04-01T07:13:11","guid":{"rendered":"https:\/\/www.renaresort.it\/faq\/"},"modified":"2025-02-19T12:49:29","modified_gmt":"2025-02-19T11:49:29","slug":"faq","status":"publish","type":"page","link":"https:\/\/www.renaresort.it\/de\/faq\/","title":{"rendered":"Faq"},"content":{"rendered":"\t\t<div data-elementor-type=\"wp-page\" data-elementor-id=\"6568\" class=\"elementor elementor-6568 elementor-2694\" data-elementor-post-type=\"page\">\n\t\t\t\t\t\t<section class=\"elementor-section elementor-top-section elementor-element elementor-element-ba24173 elementor-section-full_width qodef-elementor-content-grid elementor-section-height-default elementor-section-height-default\" data-id=\"ba24173\" data-element_type=\"section\" data-e-type=\"section\">\n\t\t\t\t\t\t<div class=\"elementor-container elementor-column-gap-no\">\n\t\t\t\t\t<div class=\"elementor-column elementor-col-100 elementor-top-column elementor-element elementor-element-ad81f16\" data-id=\"ad81f16\" data-element_type=\"column\" data-e-type=\"column\">\n\t\t\t<div class=\"elementor-widget-wrap elementor-element-populated\">\n\t\t\t\t\t\t<div class=\"elementor-element elementor-element-3dc2385 elementor-widget elementor-widget-alloggio_core_accordion\" data-id=\"3dc2385\" data-element_type=\"widget\" data-e-type=\"widget\" data-widget_type=\"alloggio_core_accordion.default\">\n\t\t\t\t<div class=\"elementor-widget-container\">\n\t\t\t\t\t<div class=\"qodef-shortcode qodef-m  qodef-accordion clear qodef-behavior--accordion qodef-layout--simple\">\n\t<h4 class=\"qodef-accordion-title\">\n\t<span class=\"qodef-tab-title\">\n\t\tWer ist Rena und welche Dienstleistungen bietet sie an?\t<\/span>\n\t<span class=\"qodef-accordion-mark\">\n\t\t<span class=\"qodef-icon--arrow-down\"><span class=\"qodef-icon-linea-icons icon-arrows-down\" ><\/span><\/span>\n\t\t<span class=\"qodef-icon--arrow-up\"><span class=\"qodef-icon-linea-icons icon-arrows-up\" ><\/span><\/span>\n\t<\/span>\n<\/h4>\n<div class=\"qodef-accordion-content\">\n\t<div class=\"qodef-accordion-content-inner\">\n\t\t<p>Das Resort bietet je nach Zeitraum Ferienunterk\u00fcnfte in den Formeln B&amp;B, HP und VP an.<\/p><p>Dar\u00fcber hinaus ist das Rena Resort der ideale Ort, um Ihren besonderen Anlass zu feiern.<\/p>\t<\/div>\n<\/div><h4 class=\"qodef-accordion-title\">\n\t<span class=\"qodef-tab-title\">\n\t\tWelche Lebensmittel- und Getr\u00e4nkerichtlinien gelten bei einem Aufenthalt im Rena?\t<\/span>\n\t<span class=\"qodef-accordion-mark\">\n\t\t<span class=\"qodef-icon--arrow-down\"><span class=\"qodef-icon-linea-icons icon-arrows-down\" ><\/span><\/span>\n\t\t<span class=\"qodef-icon--arrow-up\"><span class=\"qodef-icon-linea-icons icon-arrows-up\" ><\/span><\/span>\n\t<\/span>\n<\/h4>\n<div class=\"qodef-accordion-content\">\n\t<div class=\"qodef-accordion-content-inner\">\n\t\t<p>Das Fr\u00fchst\u00fcck ist ein kontinentales Buffet, die HP-Zuschlag beinhaltet ein eindrucksvolles und leckeres Abendessen, mit dem VP-Zuschlag k\u00f6nnen Sie zu Mittag ein Gericht aus unserer leichten Karte genie\u00dfen, gefolgt von Obst oder Dessert.<\/p><p>Getr\u00e4nke sind inklusive.<\/p>\t<\/div>\n<\/div><h4 class=\"qodef-accordion-title\">\n\t<span class=\"qodef-tab-title\">\n\t\tWelche Art von Unterkunft kann ich buchen?\t<\/span>\n\t<span class=\"qodef-accordion-mark\">\n\t\t<span class=\"qodef-icon--arrow-down\"><span class=\"qodef-icon-linea-icons icon-arrows-down\" ><\/span><\/span>\n\t\t<span class=\"qodef-icon--arrow-up\"><span class=\"qodef-icon-linea-icons icon-arrows-up\" ><\/span><\/span>\n\t<\/span>\n<\/h4>\n<div class=\"qodef-accordion-content\">\n\t<div class=\"qodef-accordion-content-inner\">\n\t\t<p>G\u00e4ste k\u00f6nnen in Standardzimmern und Superior-Lofts mit eigenem Bad \u00fcbernachten, die alle auf Meeresh\u00f6he liegen. Alle Zimmer sind klimatisiert, mit Minibar und Smart-TV mit Satellitenkan\u00e4len ausgestattet.<\/p>\t<\/div>\n<\/div><h4 class=\"qodef-accordion-title\">\n\t<span class=\"qodef-tab-title\">\n\t\tWie sind die Check-in- und Check-out-Zeiten?\t<\/span>\n\t<span class=\"qodef-accordion-mark\">\n\t\t<span class=\"qodef-icon--arrow-down\"><span class=\"qodef-icon-linea-icons icon-arrows-down\" ><\/span><\/span>\n\t\t<span class=\"qodef-icon--arrow-up\"><span class=\"qodef-icon-linea-icons icon-arrows-up\" ><\/span><\/span>\n\t<\/span>\n<\/h4>\n<div class=\"qodef-accordion-content\">\n\t<div class=\"qodef-accordion-content-inner\">\n\t\t<p>Der Check-in im Zimmer ist am Anreisetag ab 12:00 Uhr und der Check-out am Abreisetag bis 10:00 Uhr vorgesehen.<\/p>\t<\/div>\n<\/div><h4 class=\"qodef-accordion-title\">\n\t<span class=\"qodef-tab-title\">\n\t\tIst es m\u00f6glich, einen fr\u00fchen Check-in und\/oder sp\u00e4ten Check-out des Zimmers zu beantragen?\t<\/span>\n\t<span class=\"qodef-accordion-mark\">\n\t\t<span class=\"qodef-icon--arrow-down\"><span class=\"qodef-icon-linea-icons icon-arrows-down\" ><\/span><\/span>\n\t\t<span class=\"qodef-icon--arrow-up\"><span class=\"qodef-icon-linea-icons icon-arrows-up\" ><\/span><\/span>\n\t<\/span>\n<\/h4>\n<div class=\"qodef-accordion-content\">\n\t<div class=\"qodef-accordion-content-inner\">\n\t\t<p>Ja, das Rena bietet bei Verf\u00fcgbarkeit gerne einen fr\u00fchen Check-in- und sp\u00e4ten Check-out-Service f\u00fcr das Zimmer an.<\/p>\t<\/div>\n<\/div><h4 class=\"qodef-accordion-title\">\n\t<span class=\"qodef-tab-title\">\n\t\tBehinderte: Gibt es behindertengerechte Zimmer?\t<\/span>\n\t<span class=\"qodef-accordion-mark\">\n\t\t<span class=\"qodef-icon--arrow-down\"><span class=\"qodef-icon-linea-icons icon-arrows-down\" ><\/span><\/span>\n\t\t<span class=\"qodef-icon--arrow-up\"><span class=\"qodef-icon-linea-icons icon-arrows-up\" ><\/span><\/span>\n\t<\/span>\n<\/h4>\n<div class=\"qodef-accordion-content\">\n\t<div class=\"qodef-accordion-content-inner\">\n\t\t<p>Das Resort ist selbstverst\u00e4ndlich zug\u00e4nglich.<\/p>\t<\/div>\n<\/div><h4 class=\"qodef-accordion-title\">\n\t<span class=\"qodef-tab-title\">\n\t\tIst der Aufenthalt von Kindern im Rena kostenpflichtig?\t<\/span>\n\t<span class=\"qodef-accordion-mark\">\n\t\t<span class=\"qodef-icon--arrow-down\"><span class=\"qodef-icon-linea-icons icon-arrows-down\" ><\/span><\/span>\n\t\t<span class=\"qodef-icon--arrow-up\"><span class=\"qodef-icon-linea-icons icon-arrows-up\" ><\/span><\/span>\n\t<\/span>\n<\/h4>\n<div class=\"qodef-accordion-content\">\n\t<div class=\"qodef-accordion-content-inner\">\n\t\t<p>F\u00fcr Kinder bis zum zweiten Lebensjahr wird keine Unterkunftsgeb\u00fchr berechnet.<\/p><p>F\u00fcr Kinder von 3 bis 8 Jahren, Jugendliche von 9 bis 13 Jahren und Teenager von 14 bis 17 Jahren gilt ein erm\u00e4\u00dfigter Tarif.<\/p>\t<\/div>\n<\/div><h4 class=\"qodef-accordion-title\">\n\t<span class=\"qodef-tab-title\">\n\t\tGibt es Parkpl\u00e4tze im Resort?\t<\/span>\n\t<span class=\"qodef-accordion-mark\">\n\t\t<span class=\"qodef-icon--arrow-down\"><span class=\"qodef-icon-linea-icons icon-arrows-down\" ><\/span><\/span>\n\t\t<span class=\"qodef-icon--arrow-up\"><span class=\"qodef-icon-linea-icons icon-arrows-up\" ><\/span><\/span>\n\t<\/span>\n<\/h4>\n<div class=\"qodef-accordion-content\">\n\t<div class=\"qodef-accordion-content-inner\">\n\t\t<p>Das Rena verf\u00fcgt \u00fcber einen internen, unbewachten Parkplatz, der nur seinen G\u00e4sten vorbehalten ist.<\/p><p>Der Parkservice ist kostenlos und nur f\u00fcr Resortg\u00e4ste zug\u00e4nglich.<\/p>\t<\/div>\n<\/div><h4 class=\"qodef-accordion-title\">\n\t<span class=\"qodef-tab-title\">\n\t\tGibt es im Resort WLAN?\t<\/span>\n\t<span class=\"qodef-accordion-mark\">\n\t\t<span class=\"qodef-icon--arrow-down\"><span class=\"qodef-icon-linea-icons icon-arrows-down\" ><\/span><\/span>\n\t\t<span class=\"qodef-icon--arrow-up\"><span class=\"qodef-icon-linea-icons icon-arrows-up\" ><\/span><\/span>\n\t<\/span>\n<\/h4>\n<div class=\"qodef-accordion-content\">\n\t<div class=\"qodef-accordion-content-inner\">\n\t\t<p>WI-FI steht ausschlie\u00dflich den G\u00e4sten des Resorts kostenlos zur Verf\u00fcgung.<\/p>\t<\/div>\n<\/div><h4 class=\"qodef-accordion-title\">\n\t<span class=\"qodef-tab-title\">\n\t\tStrand: Verf\u00fcgt das Resort \u00fcber einen Privatstrand?\t<\/span>\n\t<span class=\"qodef-accordion-mark\">\n\t\t<span class=\"qodef-icon--arrow-down\"><span class=\"qodef-icon-linea-icons icon-arrows-down\" ><\/span><\/span>\n\t\t<span class=\"qodef-icon--arrow-up\"><span class=\"qodef-icon-linea-icons icon-arrows-up\" ><\/span><\/span>\n\t<\/span>\n<\/h4>\n<div class=\"qodef-accordion-content\">\n\t<div class=\"qodef-accordion-content-inner\">\n\t\t<p>Ja, das Rena verf\u00fcgt \u00fcber einen Privatstrand mit Strohsonnenschirmen, Sonnenliegen, Pavillons und Maxi-Pavillons. Der Strandservice ist von 9:00 bis 18:30 Uhr verf\u00fcgbar.<\/p>\t<\/div>\n<\/div><h4 class=\"qodef-accordion-title\">\n\t<span class=\"qodef-tab-title\">\n\t\tStrandduschen: Gibt es Duschen am Strand?\t<\/span>\n\t<span class=\"qodef-accordion-mark\">\n\t\t<span class=\"qodef-icon--arrow-down\"><span class=\"qodef-icon-linea-icons icon-arrows-down\" ><\/span><\/span>\n\t\t<span class=\"qodef-icon--arrow-up\"><span class=\"qodef-icon-linea-icons icon-arrows-up\" ><\/span><\/span>\n\t<\/span>\n<\/h4>\n<div class=\"qodef-accordion-content\">\n\t<div class=\"qodef-accordion-content-inner\">\n\t\t<p>Ja, es gibt Duschen und Umkleidekabinen in der Anlage.<\/p>\t<\/div>\n<\/div><h4 class=\"qodef-accordion-title\">\n\t<span class=\"qodef-tab-title\">\n\t\tHaustierregelung: D\u00fcrfen Tiere ins Resort mitgebracht werden?\t<\/span>\n\t<span class=\"qodef-accordion-mark\">\n\t\t<span class=\"qodef-icon--arrow-down\"><span class=\"qodef-icon-linea-icons icon-arrows-down\" ><\/span><\/span>\n\t\t<span class=\"qodef-icon--arrow-up\"><span class=\"qodef-icon-linea-icons icon-arrows-up\" ><\/span><\/span>\n\t<\/span>\n<\/h4>\n<div class=\"qodef-accordion-content\">\n\t<div class=\"qodef-accordion-content-inner\">\n\t\t<p>Bei Rena ist die Mitnahme von Tieren, auch kleinen, nicht m\u00f6glich, mit Ausnahme von Blindenhunden.<\/p>\t<\/div>\n<\/div><h4 class=\"qodef-accordion-title\">\n\t<span class=\"qodef-tab-title\">\n\t\tGibt es im Rena ein Restaurant?\t<\/span>\n\t<span class=\"qodef-accordion-mark\">\n\t\t<span class=\"qodef-icon--arrow-down\"><span class=\"qodef-icon-linea-icons icon-arrows-down\" ><\/span><\/span>\n\t\t<span class=\"qodef-icon--arrow-up\"><span class=\"qodef-icon-linea-icons icon-arrows-up\" ><\/span><\/span>\n\t<\/span>\n<\/h4>\n<div class=\"qodef-accordion-content\">\n\t<div class=\"qodef-accordion-content-inner\">\n\t\t<p>Ja, das Rena Restaurant bietet eine gro\u00dfe Auswahl an Speisen und Weinen auf Basis lokaler Produkte, die Sie in den Innen- und Au\u00dfenbereichen genie\u00dfen k\u00f6nnen.<\/p>\t<\/div>\n<\/div><h4 class=\"qodef-accordion-title\">\n\t<span class=\"qodef-tab-title\">\n\t\tIch habe Halbpension gebucht. Kann ich eine zus\u00e4tzliche Mahlzeit bei Rena in Anspruch nehmen?\t<\/span>\n\t<span class=\"qodef-accordion-mark\">\n\t\t<span class=\"qodef-icon--arrow-down\"><span class=\"qodef-icon-linea-icons icon-arrows-down\" ><\/span><\/span>\n\t\t<span class=\"qodef-icon--arrow-up\"><span class=\"qodef-icon-linea-icons icon-arrows-up\" ><\/span><\/span>\n\t<\/span>\n<\/h4>\n<div class=\"qodef-accordion-content\">\n\t<div class=\"qodef-accordion-content-inner\">\n\t\t<p>Sicherlich! Wenn Sie w\u00e4hrend Ihres Aufenthalts in der Einrichtung den Restaurantservice f\u00fcr eine zus\u00e4tzliche Mahlzeit nutzen m\u00f6chten, k\u00f6nnen Sie ein Gericht Ihrer Wahl aus dem Light-Lunch-Men\u00fc genie\u00dfen, gefolgt von einem frischen St\u00fcck Obst oder einem Dessert mit Getr\u00e4nken .<\/p><p>F\u00fcr Kinder umfasst die Zusatzmahlzeit ein Gericht nach Wahl aus dem \u201eLight Lunch\u201c-Men\u00fc in reduzierter Portion oder alternativ ein Drei-G\u00e4nge-Men\u00fc<b> <\/b>mit erstem Gang, Getr\u00e4nke inklusive.<\/p>\t<\/div>\n<\/div><h4 class=\"qodef-accordion-title\">\n\t<span class=\"qodef-tab-title\">\n\t\tSind Speisen und Getr\u00e4nke im Resort erlaubt?\t<\/span>\n\t<span class=\"qodef-accordion-mark\">\n\t\t<span class=\"qodef-icon--arrow-down\"><span class=\"qodef-icon-linea-icons icon-arrows-down\" ><\/span><\/span>\n\t\t<span class=\"qodef-icon--arrow-up\"><span class=\"qodef-icon-linea-icons icon-arrows-up\" ><\/span><\/span>\n\t<\/span>\n<\/h4>\n<div class=\"qodef-accordion-content\">\n\t<div class=\"qodef-accordion-content-inner\">\n\t\t<p>Nein, es ist absolut verboten, au\u00dferhalb des Rena gekaufte Speisen oder Getr\u00e4nke jeglicher Art in das Resort und in die Zimmer oder Lofts mitzubringen.<\/p>\t<\/div>\n<\/div><h4 class=\"qodef-accordion-title\">\n\t<span class=\"qodef-tab-title\">\n\t\tWelche Art von Zeremonie kann ich bei Rena feiern?\t<\/span>\n\t<span class=\"qodef-accordion-mark\">\n\t\t<span class=\"qodef-icon--arrow-down\"><span class=\"qodef-icon-linea-icons icon-arrows-down\" ><\/span><\/span>\n\t\t<span class=\"qodef-icon--arrow-up\"><span class=\"qodef-icon-linea-icons icon-arrows-up\" ><\/span><\/span>\n\t<\/span>\n<\/h4>\n<div class=\"qodef-accordion-content\">\n\t<div class=\"qodef-accordion-content-inner\">\n\t\t<p>Bei Rena k\u00f6nnen Sie eine Hochzeit, Taufe, Erstkommunion, Geburtstags- und Abschlussfeier oder sogar eine Firmenveranstaltung feiern, die Sie Verwandten, Freunden und Kollegen gemeinsam feiern k\u00f6nnen. Unsere Berater unterst\u00fctzen Sie bei der Auswahl von Umgebungen und Dekorationen f\u00fcr verschiedene Stimmungen. Ein faszinierendes, von unserem K\u00fcchenchef entwickeltes Menu wird Ihre Veranstaltung zu etwas Besonderem machen.<\/p>\t<\/div>\n<\/div><h4 class=\"qodef-accordion-title\">\n\t<span class=\"qodef-tab-title\">\n\t\tIst es m\u00f6glich, Ausfl\u00fcge in der N\u00e4he der Rena zu unternehmen?\t<\/span>\n\t<span class=\"qodef-accordion-mark\">\n\t\t<span class=\"qodef-icon--arrow-down\"><span class=\"qodef-icon-linea-icons icon-arrows-down\" ><\/span><\/span>\n\t\t<span class=\"qodef-icon--arrow-up\"><span class=\"qodef-icon-linea-icons icon-arrows-up\" ><\/span><\/span>\n\t<\/span>\n<\/h4>\n<div class=\"qodef-accordion-content\">\n\t<div class=\"qodef-accordion-content-inner\">\n\t\t<p>Die strategische Lage des Rena erm\u00f6glicht es Ihnen, einige der ber\u00fchmtesten italienischen Touristenziele die weltbekannt sind, leicht zu erreichen, darunter den K\u00f6nigspalast von Caserta, Neapel, den Vesuv, Capri, Ischia, Procida, Pompeji, Herculaneum, die K\u00fcsten von Sorrent und Amalfi. Rom, Kolosseum, Vatikan und viele mehr.<\/p>\t<\/div>\n<\/div><h4 class=\"qodef-accordion-title\">\n\t<span class=\"qodef-tab-title\">\n\t\tWelcher Flughafen liegt Rena in der N\u00e4he des Resorts Rena?\t<\/span>\n\t<span class=\"qodef-accordion-mark\">\n\t\t<span class=\"qodef-icon--arrow-down\"><span class=\"qodef-icon-linea-icons icon-arrows-down\" ><\/span><\/span>\n\t\t<span class=\"qodef-icon--arrow-up\"><span class=\"qodef-icon-linea-icons icon-arrows-up\" ><\/span><\/span>\n\t<\/span>\n<\/h4>\n<div class=\"qodef-accordion-content\">\n\t<div class=\"qodef-accordion-content-inner\">\n\t\t<p>Der dem Resort Rena am n\u00e4chsten gelegene Flughafen ist Neapel Capodichino, etwa 50 km entfernt.<\/p>\t<\/div>\n<\/div><h4 class=\"qodef-accordion-title\">\n\t<span class=\"qodef-tab-title\">\n\t\tWelche Autobahnausfahrt nehme ich zum Resort Rena?\t<\/span>\n\t<span class=\"qodef-accordion-mark\">\n\t\t<span class=\"qodef-icon--arrow-down\"><span class=\"qodef-icon-linea-icons icon-arrows-down\" ><\/span><\/span>\n\t\t<span class=\"qodef-icon--arrow-up\"><span class=\"qodef-icon-linea-icons icon-arrows-up\" ><\/span><\/span>\n\t<\/span>\n<\/h4>\n<div class=\"qodef-accordion-content\">\n\t<div class=\"qodef-accordion-content-inner\">\n\t\t<p>Das Rena Resort ist mit dem Auto \u00fcber die Autobahnausfahrt Cassino (FR) im Norden oder Capua (CE) im S\u00fcden erreichbar.<\/p>\t<\/div>\n<\/div><h4 class=\"qodef-accordion-title\">\n\t<span class=\"qodef-tab-title\">\n\t\tWie kann ich Ihr Resort vom Bahnhof aus erreichen?\t<\/span>\n\t<span class=\"qodef-accordion-mark\">\n\t\t<span class=\"qodef-icon--arrow-down\"><span class=\"qodef-icon-linea-icons icon-arrows-down\" ><\/span><\/span>\n\t\t<span class=\"qodef-icon--arrow-up\"><span class=\"qodef-icon-linea-icons icon-arrows-up\" ><\/span><\/span>\n\t<\/span>\n<\/h4>\n<div class=\"qodef-accordion-content\">\n\t<div class=\"qodef-accordion-content-inner\">\n\t\t<p>Der n\u00e4chstgelegene Bahnhof ist \u201eSessa Aurunca \u2013 Roccamonfina \u2013 Cellole\u201c und liegt ca. 7 km entfernt.<\/p>\t<\/div>\n<\/div><h4 class=\"qodef-accordion-title\">\n\t<span class=\"qodef-tab-title\">\n\t\tWie kann ich meine Rechnung im Resort bezahlen?\t<\/span>\n\t<span class=\"qodef-accordion-mark\">\n\t\t<span class=\"qodef-icon--arrow-down\"><span class=\"qodef-icon-linea-icons icon-arrows-down\" ><\/span><\/span>\n\t\t<span class=\"qodef-icon--arrow-up\"><span class=\"qodef-icon-linea-icons icon-arrows-up\" ><\/span><\/span>\n\t<\/span>\n<\/h4>\n<div class=\"qodef-accordion-content\">\n\t<div class=\"qodef-accordion-content-inner\">\n\t\t<p>Die Bezahlung des Aufenthaltes kann im Rahmen Ihres Limits und unter Einhaltung der Geldw\u00e4schebestimmungen per Kredit- oder Debitkarte, Sofort\u00fcberweisung und Bargeld erfolgen.<\/p>\t<\/div>\n<\/div><h4 class=\"qodef-accordion-title\">\n\t<span class=\"qodef-tab-title\">\n\t\tWelche Buchungs- und Stornierungsbedingungen gelten f\u00fcr Urlaubsaufenthalte?\t<\/span>\n\t<span class=\"qodef-accordion-mark\">\n\t\t<span class=\"qodef-icon--arrow-down\"><span class=\"qodef-icon-linea-icons icon-arrows-down\" ><\/span><\/span>\n\t\t<span class=\"qodef-icon--arrow-up\"><span class=\"qodef-icon-linea-icons icon-arrows-up\" ><\/span><\/span>\n\t<\/span>\n<\/h4>\n<div class=\"qodef-accordion-content\">\n\t<div class=\"qodef-accordion-content-inner\">\n\t\t<p>Die Reservierung setzt die \u00dcbermittlung der Kreditkarteninformationen beim Check-out voraus.<\/p><p>Bei einer Stornierung bis zu 2 Tage vor Anreise wird keine Stornogeb\u00fchr erhoben, bei einer Stornierung innerhalb von 2 Tagen vor Anreise wird der Preis f\u00fcr eine Nacht berechnet.<\/p><p>Bei Nichterscheinen wird der volle Betrag des Aufenthalts in Rechnung gestellt.<\/p>\t<\/div>\n<\/div><h4 class=\"qodef-accordion-title\">\n\t<span class=\"qodef-tab-title\">\n\t\tWie kann ich das Rena Resort kontaktieren, um Informationen anzufordern?\t<\/span>\n\t<span class=\"qodef-accordion-mark\">\n\t\t<span class=\"qodef-icon--arrow-down\"><span class=\"qodef-icon-linea-icons icon-arrows-down\" ><\/span><\/span>\n\t\t<span class=\"qodef-icon--arrow-up\"><span class=\"qodef-icon-linea-icons icon-arrows-up\" ><\/span><\/span>\n\t<\/span>\n<\/h4>\n<div class=\"qodef-accordion-content\">\n\t<div class=\"qodef-accordion-content-inner\">\n\t\t<p>F\u00fcr alle Anfragen und besonderen Bed\u00fcrfnisse k\u00f6nnen Sie Rena unter der Telefonnummer +39 0823 742252 und\/oder unter der E-Mail-Adresse kontaktieren<\/p>\t<\/div>\n<\/div><\/div>\t\t\t\t<\/div>\n\t\t\t\t<\/div>\n\t\t\t\t\t<\/div>\n\t\t<\/div>\n\t\t\t\t\t<\/div>\n\t\t<\/section>\n\t\t\t\t<section class=\"elementor-section elementor-top-section elementor-element elementor-element-12509b0 elementor-section-full_width qodef-elementor-content-grid elementor-section-height-default elementor-section-height-default\" data-id=\"12509b0\" data-element_type=\"section\" data-e-type=\"section\">\n\t\t\t\t\t\t<div class=\"elementor-container elementor-column-gap-no\">\n\t\t\t\t\t<div class=\"elementor-column elementor-col-100 elementor-top-column elementor-element elementor-element-2b0cb73\" data-id=\"2b0cb73\" data-element_type=\"column\" data-e-type=\"column\">\n\t\t\t<div class=\"elementor-widget-wrap elementor-element-populated\">\n\t\t\t\t\t\t<div class=\"elementor-element elementor-element-e648b74 elementor-widget elementor-widget-text-editor\" data-id=\"e648b74\" data-element_type=\"widget\" data-e-type=\"widget\" data-widget_type=\"text-editor.default\">\n\t\t\t\t<div class=\"elementor-widget-container\">\n\t\t\t\t\t\t\t\t\t<h3>Sehen Sie sich die am h\u00e4ufigsten gestellten Fragen unserer G\u00e4ste an. F\u00fcr weitere Informationen z\u00f6gern Sie nicht, uns zu kontaktieren oder eine E-Mail zu senden, wir antworten Ihnen gerne.<\/h3>\n\t\t\t\t\t\t\t\t<\/div>\n\t\t\t\t<\/div>\n\t\t\t\t\t<\/div>\n\t\t<\/div>\n\t\t\t\t\t<\/div>\n\t\t<\/section>\n\t\t\t\t<\/div>\n\t\t","protected":false},"excerpt":{"rendered":"<p>Wer ist Rena und welche Dienstleistungen bietet sie an? Das Resort bietet je nach Zeitraum Ferienunterk\u00fcnfte in den Formeln B&amp;B, HP und VP an. Dar\u00fcber hinaus ist das Rena Resort der ideale Ort, um Ihren besonderen Anlass zu feiern. Welche Lebensmittel- und Getr\u00e4nkerichtlinien gelten bei einem Aufenthalt im Rena? Das Fr\u00fchst\u00fcck ist ein kontinentales Buffet, [&hellip;]<\/p>\n","protected":false},"author":1,"featured_media":0,"parent":0,"menu_order":0,"comment_status":"closed","ping_status":"closed","template":"page-full-width.php","meta":{"inline_featured_image":false,"footnotes":""},"class_list":["post-6568","page","type-page","status-publish","hentry"],"yoast_head":"<!-- This site is optimized with the Yoast SEO plugin v27.4 - https:\/\/yoast.com\/product\/yoast-seo-wordpress\/ -->\n<title>Faq - Renaresort.it<\/title>\n<meta name=\"robots\" content=\"index, follow, max-snippet:-1, max-image-preview:large, max-video-preview:-1\" \/>\n<link rel=\"canonical\" href=\"https:\/\/www.renaresort.it\/de\/faq\/\" \/>\n<meta property=\"og:locale\" content=\"de_DE\" \/>\n<meta property=\"og:type\" content=\"article\" \/>\n<meta property=\"og:title\" content=\"Faq - Renaresort.it\" \/>\n<meta property=\"og:description\" content=\"Wer ist Rena und welche Dienstleistungen bietet sie an? Das Resort bietet je nach Zeitraum Ferienunterk\u00fcnfte in den Formeln B&amp;B, HP und VP an. Dar\u00fcber hinaus ist das Rena Resort der ideale Ort, um Ihren besonderen Anlass zu feiern. Welche Lebensmittel- und Getr\u00e4nkerichtlinien gelten bei einem Aufenthalt im Rena? Das Fr\u00fchst\u00fcck ist ein kontinentales Buffet, [&hellip;]\" \/>\n<meta property=\"og:url\" content=\"https:\/\/www.renaresort.it\/de\/faq\/\" \/>\n<meta property=\"og:site_name\" content=\"Renaresort.it\" \/>\n<meta property=\"article:modified_time\" content=\"2025-02-19T11:49:29+00:00\" \/>\n<meta name=\"twitter:card\" content=\"summary_large_image\" \/>\n<meta name=\"twitter:label1\" content=\"Gesch\u00e4tzte Lesezeit\" \/>\n\t<meta name=\"twitter:data1\" content=\"5\u00a0Minuten\" \/>\n<script type=\"application\/ld+json\" class=\"yoast-schema-graph\">{\"@context\":\"https:\\\/\\\/schema.org\",\"@graph\":[{\"@type\":\"WebPage\",\"@id\":\"https:\\\/\\\/www.renaresort.it\\\/de\\\/faq\\\/\",\"url\":\"https:\\\/\\\/www.renaresort.it\\\/de\\\/faq\\\/\",\"name\":\"Faq - Renaresort.it\",\"isPartOf\":{\"@id\":\"https:\\\/\\\/www.renaresort.it\\\/#website\"},\"datePublished\":\"2020-04-01T07:13:11+00:00\",\"dateModified\":\"2025-02-19T11:49:29+00:00\",\"inLanguage\":\"de\",\"potentialAction\":[{\"@type\":\"ReadAction\",\"target\":[\"https:\\\/\\\/www.renaresort.it\\\/de\\\/faq\\\/\"]}]},{\"@type\":\"WebSite\",\"@id\":\"https:\\\/\\\/www.renaresort.it\\\/#website\",\"url\":\"https:\\\/\\\/www.renaresort.it\\\/\",\"name\":\"Renaresort.it\",\"description\":\"\",\"potentialAction\":[{\"@type\":\"SearchAction\",\"target\":{\"@type\":\"EntryPoint\",\"urlTemplate\":\"https:\\\/\\\/www.renaresort.it\\\/?s={search_term_string}\"},\"query-input\":{\"@type\":\"PropertyValueSpecification\",\"valueRequired\":true,\"valueName\":\"search_term_string\"}}],\"inLanguage\":\"de\"}]}<\/script>\n<!-- \/ Yoast SEO plugin. -->","yoast_head_json":{"title":"Faq - Renaresort.it","robots":{"index":"index","follow":"follow","max-snippet":"max-snippet:-1","max-image-preview":"max-image-preview:large","max-video-preview":"max-video-preview:-1"},"canonical":"https:\/\/www.renaresort.it\/de\/faq\/","og_locale":"de_DE","og_type":"article","og_title":"Faq - Renaresort.it","og_description":"Wer ist Rena und welche Dienstleistungen bietet sie an? Das Resort bietet je nach Zeitraum Ferienunterk\u00fcnfte in den Formeln B&amp;B, HP und VP an. Dar\u00fcber hinaus ist das Rena Resort der ideale Ort, um Ihren besonderen Anlass zu feiern. Welche Lebensmittel- und Getr\u00e4nkerichtlinien gelten bei einem Aufenthalt im Rena? Das Fr\u00fchst\u00fcck ist ein kontinentales Buffet, [&hellip;]","og_url":"https:\/\/www.renaresort.it\/de\/faq\/","og_site_name":"Renaresort.it","article_modified_time":"2025-02-19T11:49:29+00:00","twitter_card":"summary_large_image","twitter_misc":{"Gesch\u00e4tzte Lesezeit":"5\u00a0Minuten"},"schema":{"@context":"https:\/\/schema.org","@graph":[{"@type":"WebPage","@id":"https:\/\/www.renaresort.it\/de\/faq\/","url":"https:\/\/www.renaresort.it\/de\/faq\/","name":"Faq - Renaresort.it","isPartOf":{"@id":"https:\/\/www.renaresort.it\/#website"},"datePublished":"2020-04-01T07:13:11+00:00","dateModified":"2025-02-19T11:49:29+00:00","inLanguage":"de","potentialAction":[{"@type":"ReadAction","target":["https:\/\/www.renaresort.it\/de\/faq\/"]}]},{"@type":"WebSite","@id":"https:\/\/www.renaresort.it\/#website","url":"https:\/\/www.renaresort.it\/","name":"Renaresort.it","description":"","potentialAction":[{"@type":"SearchAction","target":{"@type":"EntryPoint","urlTemplate":"https:\/\/www.renaresort.it\/?s={search_term_string}"},"query-input":{"@type":"PropertyValueSpecification","valueRequired":true,"valueName":"search_term_string"}}],"inLanguage":"de"}]}},"_links":{"self":[{"href":"https:\/\/www.renaresort.it\/de\/wp-json\/wp\/v2\/pages\/6568","targetHints":{"allow":["GET"]}}],"collection":[{"href":"https:\/\/www.renaresort.it\/de\/wp-json\/wp\/v2\/pages"}],"about":[{"href":"https:\/\/www.renaresort.it\/de\/wp-json\/wp\/v2\/types\/page"}],"author":[{"embeddable":true,"href":"https:\/\/www.renaresort.it\/de\/wp-json\/wp\/v2\/users\/1"}],"replies":[{"embeddable":true,"href":"https:\/\/www.renaresort.it\/de\/wp-json\/wp\/v2\/comments?post=6568"}],"version-history":[{"count":4,"href":"https:\/\/www.renaresort.it\/de\/wp-json\/wp\/v2\/pages\/6568\/revisions"}],"predecessor-version":[{"id":6572,"href":"https:\/\/www.renaresort.it\/de\/wp-json\/wp\/v2\/pages\/6568\/revisions\/6572"}],"wp:attachment":[{"href":"https:\/\/www.renaresort.it\/de\/wp-json\/wp\/v2\/media?parent=6568"}],"curies":[{"name":"wp","href":"https:\/\/api.w.org\/{rel}","templated":true}]}}