{"id":6552,"date":"2022-06-15T09:19:43","date_gmt":"2022-06-15T07:19:43","guid":{"rendered":"https:\/\/www.renaresort.it\/ueber-uns\/"},"modified":"2025-02-19T12:02:55","modified_gmt":"2025-02-19T11:02:55","slug":"ueber-uns","status":"publish","type":"page","link":"https:\/\/www.renaresort.it\/de\/ueber-uns\/","title":{"rendered":"\u00dcber uns"},"content":{"rendered":"\t\t<div data-elementor-type=\"wp-page\" data-elementor-id=\"6552\" class=\"elementor elementor-6552 elementor-4928\" data-elementor-post-type=\"page\">\n\t\t\t\t\t\t<section class=\"elementor-section elementor-top-section elementor-element elementor-element-3ffcb35 elementor-section-full_width qodef-elementor-content-grid elementor-section-height-default elementor-section-height-default\" data-id=\"3ffcb35\" data-element_type=\"section\" data-e-type=\"section\">\n\t\t\t\t\t\t<div class=\"elementor-container elementor-column-gap-no\">\n\t\t\t\t\t<div class=\"elementor-column elementor-col-100 elementor-top-column elementor-element elementor-element-935c5ec\" data-id=\"935c5ec\" data-element_type=\"column\" data-e-type=\"column\">\n\t\t\t<div class=\"elementor-widget-wrap elementor-element-populated\">\n\t\t\t\t\t\t<div class=\"elementor-element elementor-element-4c7511c elementor-widget elementor-widget-alloggio_core_section_title\" data-id=\"4c7511c\" data-element_type=\"widget\" data-e-type=\"widget\" data-widget_type=\"alloggio_core_section_title.default\">\n\t\t\t\t<div class=\"elementor-widget-container\">\n\t\t\t\t\t<div class=\"qodef-shortcode qodef-m  qodef-section-title qodef-alignment--center\">\n\t\t<h2 class=\"qodef-m-title\" >\n\t\t\t\t\tSie sagen \u00fcber uns\t\t\t<\/h2>\n\t\t<span class=\"qodef-m-text\" >Unser Team besteht aus gastfreundlichen und engagierten Fachleuten, die w\u00e4hrend Ihres Aufenthalts jederzeit alle Ihre Bed\u00fcrfnisse und W\u00fcnsche erf\u00fcllen.<\/span>\n<\/div>\t\t\t\t<\/div>\n\t\t\t\t<\/div>\n\t\t\t\t\t<\/div>\n\t\t<\/div>\n\t\t\t\t\t<\/div>\n\t\t<\/section>\n\t\t\t\t<section class=\"elementor-section elementor-top-section elementor-element elementor-element-fc5a160 elementor-section-full_width elementor-section-height-default elementor-section-height-default qodef-elementor-content-no\" data-id=\"fc5a160\" data-element_type=\"section\" data-e-type=\"section\">\n\t\t\t\t\t\t<div class=\"elementor-container elementor-column-gap-no\">\n\t\t\t\t\t<div class=\"elementor-column elementor-col-100 elementor-top-column elementor-element elementor-element-26341f7\" data-id=\"26341f7\" data-element_type=\"column\" data-e-type=\"column\">\n\t\t\t<div class=\"elementor-widget-wrap elementor-element-populated\">\n\t\t\t\t\t\t<div class=\"elementor-element elementor-element-16d3839 elementor-widget elementor-widget-alloggio_core_pricing_table\" data-id=\"16d3839\" data-element_type=\"widget\" data-e-type=\"widget\" data-widget_type=\"alloggio_core_pricing_table.default\">\n\t\t\t\t<div class=\"elementor-widget-container\">\n\t\t\t\t\t<div class=\"qodef-shortcode qodef-m  qodef-pricing-table qodef-layout--standard qodef-status--regular\" >\n\t<div class=\"qodef-m-inner\">\n\t\t\t\t\t\t\t<div class=\"qodef-m-content\"><p><b>Giuseppe<\/b><\/p><p>Ich hatte das Vergn\u00fcgen, Verwandte und Freunde an diesem herrlichen Ort zur Erstkommunion meines Sohnes einzuladen. Das Resort ist ein m\u00e4rchenhafter Ort, in den man sich verliebt, sobald man die Eingangsschwelle \u00fcbertritt! Die bezaubernde Sch\u00f6nheit des Ortes, die Ruhe, die ausgezeichnete Qualit\u00e4t des Essens, die H\u00f6flichkeit und Freundlichkeit der Besitzer und des gesamten Personals sind die Visitenkarte f\u00fcr eine harmonische Feier einer Veranstaltung oder einen wundervollen Urlaub.<\/p><p>F\u00fcr die n\u00e4chsten Familienanl\u00e4sse werden wir uns sicher wieder f\u00fcr diese Location entscheiden!<\/p><p><b>Roberto<\/b><\/p><p>Mit der Familie waren wir im August f\u00fcr ein paar Tage hier.<\/p><p>Das Resort setzt auf Qualit\u00e4t und nicht auf Quantit\u00e4t. Der ideale Ort, wenn Sie ein paar Tage abschalten und das Meer ein bisschen genie\u00dfen m\u00f6chten. Es gibt gro\u00dfe Zimmer und sie werden t\u00e4glich gereinigt.<\/p><p>Das Meer ist sauber und ideal f\u00fcr Kinder.<\/p><p>Ich empfehle die Vollpension: Das Essen ist hervorragend, vor allem die Vorspeisen sind spektakul\u00e4r.<\/p><p><b>Emilio<\/b><\/p><p>Es ist nicht irgendein Ort, sondern DER ORT.<\/p><p>Unser PERFEKTER Tag!<\/p><p>Vom ersten Moment an mit viel Einf\u00fchlungsverm\u00f6gen von der hervorragenden \u201eVermieterin\u201c Margherita empfangen, f\u00fchlten wir uns wohl und waren mit all unseren W\u00fcnschen zufrieden.<\/p><p>Der Chefkoch Nicola, ein vorbildlicher und kompetenter Fachmann wie kaum ein anderer, beriet uns dar\u00fcber, wie wir bei den vielen anwesenden G\u00e4sten von au\u00dferhalb der Region am besten einen guten Eindruck hinterlassen k\u00f6nnen.<\/p><p>Und Paolo macht mit seiner Erfahrung und seinem weitsichtigen F\u00fchrungsstil ihr Fest unvergesslich.<\/p><p>Das gesamte Personal war fr\u00f6hlich, freundlich und professionell, wir h\u00e4tten es nicht besser machen k\u00f6nnen.<\/p><p>Sie sind das perfekte Aush\u00e4ngeschild unserer Region, die Exzellenz, die es zu bewahren. <span class=\"Apple-converted-space\">\u00a0<\/span><\/p><p>Lass alles so wie es ist!<\/p><p><b>Rita<\/b><\/p><p>Ich hatte die Gelegenheit, das Resort in jeder Hinsicht zu erleben. Es herrscht ein Hauch von Professionalit\u00e4t und Freundlichkeit. Alles ist auf Kundenzufriedenheit ausgerichtet, ein Abendessen am Meer mit einem der sch\u00f6nsten Sonnenunterg\u00e4nge Kampaniens ist wirklich bezaubernd. Das Resort spiegelt voll und ganz die Pers\u00f6nlichkeit von Margherita und Paolo wider, die Engagement, Hingabe und Opferbereitschaft in ihr Projekt gesteckt haben.<\/p><p><b>Pierino<\/b><\/p><p>Wir hatten einen wundersch\u00f6nen Urlaub, alles war perfekt<\/p><p>vom Zimmer aus (sogar auf zwei Etagen mit zwei Doppelbetten)<\/p><p>zum Strand mit viel Platz zwischen den Sonnenschirmen. Das Essen war von hervorragender Qualit\u00e4t und wunderbar zubereitet.<\/p><p>Abschlie\u00dfend noch zum Besitzer: Sehr nett und sehr hilfsbereit. DANKE<\/p><p>Wir werden auf jeden Fall wiederkommen.<\/p><p><b>Maria Cristina<\/b><\/p><p>Wundersch\u00f6ner und sehr regenerierender Urlaub nach einem intensiven Jahr! Die Location wirkt wie eine kleine Oase, wundersch\u00f6n, elegant und mit Liebe zum Detail, das freundliche und hilfsbereite Personal und das ausgezeichnete Essen!! Das mehrere Meter flache Meer machen das Resort auch f\u00fcr diejenigen wie mich mit kleinen Kindern perfekt. Ich kann es kaum erwarten, wiederzukommen!<\/p><p><b>Diego<\/b><\/p><p>Ich habe diesen Ort vom ersten Moment an bewundert. Meine G\u00e4ste haben mir zu allem ein Kompliment gemacht. Tadelloser Service und sehr hochwertiges Essen. Danke f\u00fcr alles<\/p><p><span class=\"Apple-converted-space\">\u00a0<\/span><\/p><p><b>Gilda<\/b><\/p><p>Ich hatte einen wundervollen Aufenthalt im Rena Resort in Mondragone, wo ich eine sehr einladendes Resort vorfand. Meerblick, sauberer Sand, gepflegte G\u00e4rten. Der Kundenservice ist ausgezeichnet und die Zimmer sind sehr sauber und mit allem Komfort ausgestattet. Ich komme wieder.<\/p><p><b>Lucia<\/b><\/p><p>Wundervolles Erlebnis zum Geburtstag meiner Tochter. Wundersch\u00f6ne Lage am Strand, ausgezeichnetes Essen und auch ausgezeichnetes Personal. Alle sind sehr nett.<\/p><p><b>Valentina<\/b><\/p><p>Sch\u00f6ner Ort... Entspannung und ausgezeichnetes Essen. Ich war auf einer 25-j\u00e4hrigen Hochzeit und es war gro\u00dfartig und das Essen war gut.<\/p><p><b>Mario<\/b><\/p><p>Lage mit Liebe zum Detail. Technologisch hochmoderne R\u00e4ume. Die Gastfreundschaft des Managements und die Professionalit\u00e4t des Personals waren ausgezeichnet.<\/p><p><b>Giacomo<\/b><\/p><p>Ich bin mit Freude in dieses wundersch\u00f6ne Anwesen zur\u00fcckgekehrt, nachdem ich dort den Geburtstag meines Sohnes gefeiert habe.<\/p><p>Die Atmosph\u00e4re ist stets angenehm und entspannend, au\u00dferdem sehr stilvoll. Die Aussicht auf einen stets gepflegten Strand ist atemberaubend. Der Garten und die Lounge sind in einem schlichten und eleganten Stil eingerichtet und sehr einladend. Die K\u00fcche bietet eine reichhaltige und abwechslungsreiche Speisekarte, die Gaumen und Anblick voll und ganz befriedigt. Eigent\u00fcmer und Personal sind immer verf\u00fcgbar und \u00e4u\u00dferst professionell. Ich kann es jedem w\u00e4rmstens empfehlen.<\/p><p><b>Rosi<\/b><\/p><p>Wir haben einen 18. Geburtstag organisiert, alles war einwandfrei... die Feier war ein Erfolg und wir waren wirklich gl\u00fccklich! Ausgezeichnetes Essen, sehr freundliches und super hilfsbereites Personal und Besitzer, wir werden auf jeden Fall beim n\u00e4chsten Mal wiederkommen!<\/p><p><b>Elisa<\/b><\/p><p>Atemberaubende Lage, begleitet von ausgezeichnetem Essen, exzellentem Service und viel Liebe zum Detail. Die Terrasse hat wirklich einen atemberaubenden Blick direkt auf das Meer. Alles perfekt, ich kann es nur w\u00e4rmstens empfehlen.<\/p><p><b>Maria Grazia<\/b><\/p><p>Das Rena Resort ist ein bezaubernder Ort am Meer. Hier habe ich meinen Ruhestand gefeiert, unter den Pavillons, die \u00fcber den wundersch\u00f6nen Rasenteppich verteilt sind. Ausgezeichnetes Mittagessen auf Fischbasis. Freundlichkeit und Hilfsbereitschaft sorgten daf\u00fcr, dass wir uns wie zu Hause f\u00fchlten.<\/p><p><b>Lucia<\/b><\/p><p>Wir haben uns f\u00fcr das Rena Resort entschieden, um den 18. Geburtstag meiner Tochter zu feiern, der perfekte Ort f\u00fcr einen Sommerabend. Die Atmosph\u00e4re ist einladend, das Personal \u00e4u\u00dferst hilfsbereit und die Besitzer fantastische Leute! Was soll ich sagen: Professionalit\u00e4t, hervorragende K\u00fcche, Einfachheit und Authentizit\u00e4t am Meer!<\/p><p><b>Marika<\/b><\/p><p>Atemberaubende Lage, eine herrliche Terrasse mit Blick auf das Meer. Das Personal war freundlich und es wurde bis ins kleinste Detail auf alles geachtet. Ausgezeichnete K\u00fcche auf der Basis von hochwertigem Fisch mit viel Liebe zur Pr\u00e4sentation der Gerichte. Die Besitzer waren freundlich und hilfsbereit. Ich werde auf jeden Fall wiederkommen, um meine n\u00e4chste Veranstaltung im Rena Resort zu feiern.<\/p><p><b>Federico<\/b><\/p><p>Ruhe und Entspannung herrschen. Der Strand verf\u00fcgt \u00fcber Sonnenschirme und Zelte im karibischen Stil, was ihn sehr einladend macht und sich deutlich von den anderen Einrichtungen nebenan unterscheidet. Jeder hat mehr als ausreichend Platz. Die Zimmer und Einrichtung sind neu. Die Bar- und Restaurantbereiche sind gut abgegrenzt und sehr gepflegt. Das Personal ist sehr nett und hilfsbereit. Das Management ist pr\u00e4sent und sehr aufmerksam bez\u00fcglich der Bed\u00fcrfnisse der G\u00e4ste.<\/p><p><b>Claudia<\/b><\/p><p>Himmlischer Ort! Wenn Sie ein paar fantastische Tage verbringen m\u00f6chten, kommen Sie schnell in dieses Resort: Atemberaubendes Meer, sehr sch\u00f6ner Strand, ausgezeichnetes Essen, komfortable Zimmer und ausgezeichnete Sauberkeit!! Das hilfsbereite Personal und die Besitzer sind fantastisch, professionell und lieben es, ihre Kunden so sehr zu verw\u00f6hnen, dass eine hervorragende Beziehung entsteht!! Ideal f\u00fcr Erwachsene und Kinder. Wir kommen seit zwei Jahren hierher, um Urlaub zu machen, und ich werde sicherlich auch dieses Jahr mit meiner Familie wiederkommen, denn es ist ein regenerierender Ort! Glauben Sie mir!<\/p><\/div>\n\t\t\t<div class=\"qodef-m-button clear\">\n\t\t<a class=\"qodef-shortcode qodef-m  qodef-button qodef-layout--outlined  qodef-html--link\" href=\"\" target=\"_self\" data-hover-color=\"#02010100\" data-hover-background-color=\"#02010100\" style=\"color: #02010100;border-color: #02010100;margin: 53px 0 0 0\">\t<span class=\"qodef-m-text\"><\/span>\t<span class=\"qodef-m-background-holder\" style=\"background-color: #02010100\"><\/span><\/a>\t<\/div>\n\t<\/div>\n<\/div>\t\t\t\t<\/div>\n\t\t\t\t<\/div>\n\t\t\t\t\t<\/div>\n\t\t<\/div>\n\t\t\t\t\t<\/div>\n\t\t<\/section>\n\t\t\t\t<section class=\"elementor-section elementor-top-section elementor-element elementor-element-cae0696 elementor-section-boxed elementor-section-height-default elementor-section-height-default qodef-elementor-content-no\" data-id=\"cae0696\" data-element_type=\"section\" data-e-type=\"section\">\n\t\t\t\t\t\t<div class=\"elementor-container elementor-column-gap-default\">\n\t\t\t\t\t<div class=\"elementor-column elementor-col-100 elementor-top-column elementor-element elementor-element-054adb5\" data-id=\"054adb5\" data-element_type=\"column\" data-e-type=\"column\">\n\t\t\t<div class=\"elementor-widget-wrap elementor-element-populated\">\n\t\t\t\t\t\t<div class=\"elementor-element elementor-element-a1049d1 elementor-widget elementor-widget-spacer\" data-id=\"a1049d1\" data-element_type=\"widget\" data-e-type=\"widget\" data-widget_type=\"spacer.default\">\n\t\t\t\t<div class=\"elementor-widget-container\">\n\t\t\t\t\t\t\t<div class=\"elementor-spacer\">\n\t\t\t<div class=\"elementor-spacer-inner\"><\/div>\n\t\t<\/div>\n\t\t\t\t\t\t<\/div>\n\t\t\t\t<\/div>\n\t\t\t\t\t<\/div>\n\t\t<\/div>\n\t\t\t\t\t<\/div>\n\t\t<\/section>\n\t\t\t\t<\/div>\n\t\t","protected":false},"excerpt":{"rendered":"<p>Sie sagen \u00fcber uns Unser Team besteht aus gastfreundlichen und engagierten Fachleuten, die w\u00e4hrend Ihres Aufenthalts jederzeit alle Ihre Bed\u00fcrfnisse und W\u00fcnsche erf\u00fcllen. Giuseppe Ich hatte das Vergn\u00fcgen, Verwandte und Freunde an diesem herrlichen Ort zur Erstkommunion meines Sohnes einzuladen. Das Resort ist ein m\u00e4rchenhafter Ort, in den man sich verliebt, sobald man die Eingangsschwelle [&hellip;]<\/p>\n","protected":false},"author":1,"featured_media":0,"parent":0,"menu_order":0,"comment_status":"closed","ping_status":"closed","template":"page-full-width.php","meta":{"inline_featured_image":false,"footnotes":""},"class_list":["post-6552","page","type-page","status-publish","hentry"],"yoast_head":"<!-- This site is optimized with the Yoast SEO plugin v27.3 - https:\/\/yoast.com\/product\/yoast-seo-wordpress\/ -->\n<title>\u00dcber uns - Renaresort.it<\/title>\n<meta name=\"robots\" content=\"index, follow, max-snippet:-1, max-image-preview:large, max-video-preview:-1\" \/>\n<link rel=\"canonical\" href=\"https:\/\/www.renaresort.it\/de\/ueber-uns\/\" \/>\n<meta property=\"og:locale\" content=\"de_DE\" \/>\n<meta property=\"og:type\" content=\"article\" \/>\n<meta property=\"og:title\" content=\"\u00dcber uns - Renaresort.it\" \/>\n<meta property=\"og:description\" content=\"Sie sagen \u00fcber uns Unser Team besteht aus gastfreundlichen und engagierten Fachleuten, die w\u00e4hrend Ihres Aufenthalts jederzeit alle Ihre Bed\u00fcrfnisse und W\u00fcnsche erf\u00fcllen. Giuseppe Ich hatte das Vergn\u00fcgen, Verwandte und Freunde an diesem herrlichen Ort zur Erstkommunion meines Sohnes einzuladen. Das Resort ist ein m\u00e4rchenhafter Ort, in den man sich verliebt, sobald man die Eingangsschwelle [&hellip;]\" \/>\n<meta property=\"og:url\" content=\"https:\/\/www.renaresort.it\/de\/ueber-uns\/\" \/>\n<meta property=\"og:site_name\" content=\"Renaresort.it\" \/>\n<meta property=\"article:modified_time\" content=\"2025-02-19T11:02:55+00:00\" \/>\n<meta name=\"twitter:card\" content=\"summary_large_image\" \/>\n<meta name=\"twitter:label1\" content=\"Gesch\u00e4tzte Lesezeit\" \/>\n\t<meta name=\"twitter:data1\" content=\"6\u00a0Minuten\" \/>\n<script type=\"application\/ld+json\" class=\"yoast-schema-graph\">{\"@context\":\"https:\\\/\\\/schema.org\",\"@graph\":[{\"@type\":\"WebPage\",\"@id\":\"https:\\\/\\\/www.renaresort.it\\\/de\\\/ueber-uns\\\/\",\"url\":\"https:\\\/\\\/www.renaresort.it\\\/de\\\/ueber-uns\\\/\",\"name\":\"\u00dcber uns - Renaresort.it\",\"isPartOf\":{\"@id\":\"https:\\\/\\\/www.renaresort.it\\\/#website\"},\"datePublished\":\"2022-06-15T07:19:43+00:00\",\"dateModified\":\"2025-02-19T11:02:55+00:00\",\"inLanguage\":\"de\",\"potentialAction\":[{\"@type\":\"ReadAction\",\"target\":[\"https:\\\/\\\/www.renaresort.it\\\/de\\\/ueber-uns\\\/\"]}]},{\"@type\":\"WebSite\",\"@id\":\"https:\\\/\\\/www.renaresort.it\\\/#website\",\"url\":\"https:\\\/\\\/www.renaresort.it\\\/\",\"name\":\"Renaresort.it\",\"description\":\"\",\"potentialAction\":[{\"@type\":\"SearchAction\",\"target\":{\"@type\":\"EntryPoint\",\"urlTemplate\":\"https:\\\/\\\/www.renaresort.it\\\/?s={search_term_string}\"},\"query-input\":{\"@type\":\"PropertyValueSpecification\",\"valueRequired\":true,\"valueName\":\"search_term_string\"}}],\"inLanguage\":\"de\"}]}<\/script>\n<!-- \/ Yoast SEO plugin. -->","yoast_head_json":{"title":"\u00dcber uns - Renaresort.it","robots":{"index":"index","follow":"follow","max-snippet":"max-snippet:-1","max-image-preview":"max-image-preview:large","max-video-preview":"max-video-preview:-1"},"canonical":"https:\/\/www.renaresort.it\/de\/ueber-uns\/","og_locale":"de_DE","og_type":"article","og_title":"\u00dcber uns - Renaresort.it","og_description":"Sie sagen \u00fcber uns Unser Team besteht aus gastfreundlichen und engagierten Fachleuten, die w\u00e4hrend Ihres Aufenthalts jederzeit alle Ihre Bed\u00fcrfnisse und W\u00fcnsche erf\u00fcllen. Giuseppe Ich hatte das Vergn\u00fcgen, Verwandte und Freunde an diesem herrlichen Ort zur Erstkommunion meines Sohnes einzuladen. Das Resort ist ein m\u00e4rchenhafter Ort, in den man sich verliebt, sobald man die Eingangsschwelle [&hellip;]","og_url":"https:\/\/www.renaresort.it\/de\/ueber-uns\/","og_site_name":"Renaresort.it","article_modified_time":"2025-02-19T11:02:55+00:00","twitter_card":"summary_large_image","twitter_misc":{"Gesch\u00e4tzte Lesezeit":"6\u00a0Minuten"},"schema":{"@context":"https:\/\/schema.org","@graph":[{"@type":"WebPage","@id":"https:\/\/www.renaresort.it\/de\/ueber-uns\/","url":"https:\/\/www.renaresort.it\/de\/ueber-uns\/","name":"\u00dcber uns - Renaresort.it","isPartOf":{"@id":"https:\/\/www.renaresort.it\/#website"},"datePublished":"2022-06-15T07:19:43+00:00","dateModified":"2025-02-19T11:02:55+00:00","inLanguage":"de","potentialAction":[{"@type":"ReadAction","target":["https:\/\/www.renaresort.it\/de\/ueber-uns\/"]}]},{"@type":"WebSite","@id":"https:\/\/www.renaresort.it\/#website","url":"https:\/\/www.renaresort.it\/","name":"Renaresort.it","description":"","potentialAction":[{"@type":"SearchAction","target":{"@type":"EntryPoint","urlTemplate":"https:\/\/www.renaresort.it\/?s={search_term_string}"},"query-input":{"@type":"PropertyValueSpecification","valueRequired":true,"valueName":"search_term_string"}}],"inLanguage":"de"}]}},"_links":{"self":[{"href":"https:\/\/www.renaresort.it\/de\/wp-json\/wp\/v2\/pages\/6552","targetHints":{"allow":["GET"]}}],"collection":[{"href":"https:\/\/www.renaresort.it\/de\/wp-json\/wp\/v2\/pages"}],"about":[{"href":"https:\/\/www.renaresort.it\/de\/wp-json\/wp\/v2\/types\/page"}],"author":[{"embeddable":true,"href":"https:\/\/www.renaresort.it\/de\/wp-json\/wp\/v2\/users\/1"}],"replies":[{"embeddable":true,"href":"https:\/\/www.renaresort.it\/de\/wp-json\/wp\/v2\/comments?post=6552"}],"version-history":[{"count":5,"href":"https:\/\/www.renaresort.it\/de\/wp-json\/wp\/v2\/pages\/6552\/revisions"}],"predecessor-version":[{"id":6558,"href":"https:\/\/www.renaresort.it\/de\/wp-json\/wp\/v2\/pages\/6552\/revisions\/6558"}],"wp:attachment":[{"href":"https:\/\/www.renaresort.it\/de\/wp-json\/wp\/v2\/media?parent=6552"}],"curies":[{"name":"wp","href":"https:\/\/api.w.org\/{rel}","templated":true}]}}