{"id":6541,"date":"2022-08-09T14:44:10","date_gmt":"2022-08-09T12:44:10","guid":{"rendered":"https:\/\/www.renaresort.it\/urlaub\/"},"modified":"2025-02-19T11:44:35","modified_gmt":"2025-02-19T10:44:35","slug":"urlaub","status":"publish","type":"page","link":"https:\/\/www.renaresort.it\/de\/urlaub\/","title":{"rendered":"Urlaub"},"content":{"rendered":"\t\t<div data-elementor-type=\"wp-page\" data-elementor-id=\"6541\" class=\"elementor elementor-6541 elementor-5101\" data-elementor-post-type=\"page\">\n\t\t\t\t\t\t<section class=\"elementor-section elementor-top-section elementor-element elementor-element-55bc024 elementor-section-full_width qodef-elementor-content-grid elementor-section-height-default elementor-section-height-default\" data-id=\"55bc024\" data-element_type=\"section\" data-e-type=\"section\" id=\"room\">\n\t\t\t\t\t\t<div class=\"elementor-container elementor-column-gap-no\">\n\t\t\t\t\t<div class=\"elementor-column elementor-col-100 elementor-top-column elementor-element elementor-element-5abf0b6\" data-id=\"5abf0b6\" data-element_type=\"column\" data-e-type=\"column\">\n\t\t\t<div class=\"elementor-widget-wrap elementor-element-populated\">\n\t\t\t\t\t\t<div class=\"elementor-element elementor-element-1522463 elementor-widget elementor-widget-alloggio_core_section_title\" data-id=\"1522463\" data-element_type=\"widget\" data-e-type=\"widget\" data-widget_type=\"alloggio_core_section_title.default\">\n\t\t\t\t<div class=\"elementor-widget-container\">\n\t\t\t\t\t<div class=\"qodef-shortcode qodef-m  qodef-section-title qodef-alignment--center\">\n\t\t<h2 class=\"qodef-m-title\" >\n\t\t\t\t\tZimmer &amp; Loft\t\t\t<\/h2>\n\t\t<span class=\"qodef-m-text\" style=\"margin-top: 25px\">Die charmanten Zimmer und charmanten Lofts sind in einem eleganten mediterranen Stil eingerichtet und verf\u00fcgen alle \u00fcber einen privaten Strandservice. Alle L\u00f6sungen liegen nur einen Steinwurf vom Meer entfernt, in der N\u00e4he des Restaurants mit Blick auf den Garten und die jahrhundertealte D\u00fcne.<\/span>\n<\/div>\t\t\t\t<\/div>\n\t\t\t\t<\/div>\n\t\t\t\t\t<\/div>\n\t\t<\/div>\n\t\t\t\t\t<\/div>\n\t\t<\/section>\n\t\t\t\t<section class=\"elementor-section elementor-top-section elementor-element elementor-element-34ccb4b elementor-section-full_width qodef-elementor-content-grid elementor-section-height-default elementor-section-height-default\" data-id=\"34ccb4b\" data-element_type=\"section\" data-e-type=\"section\" id=\"food\">\n\t\t\t\t\t\t<div class=\"elementor-container elementor-column-gap-no\">\n\t\t\t\t\t<div class=\"elementor-column elementor-col-100 elementor-top-column elementor-element elementor-element-d0bf28a\" data-id=\"d0bf28a\" data-element_type=\"column\" data-e-type=\"column\">\n\t\t\t<div class=\"elementor-widget-wrap elementor-element-populated\">\n\t\t\t\t\t\t<div class=\"elementor-element elementor-element-153781e elementor-widget elementor-widget-alloggio_core_section_title\" data-id=\"153781e\" data-element_type=\"widget\" data-e-type=\"widget\" data-widget_type=\"alloggio_core_section_title.default\">\n\t\t\t\t<div class=\"elementor-widget-container\">\n\t\t\t\t\t<div class=\"qodef-shortcode qodef-m  qodef-section-title qodef-alignment--center\">\n\t\t<h2 class=\"qodef-m-title\" >\n\t\t\t\t\tEssen und Wein\t\t\t<\/h2>\n\t\t<span class=\"qodef-m-text\" style=\"margin-top: 25px\">Die Speise- und Weinvorschl\u00e4ge unseres K\u00fcchenchefs basieren auf der selektiven Suche nach Zutaten und der st\u00e4ndigen Sorgfalt bei der Zubereitung der Gerichte. Die Inspiration aus der Tradition und der Region pr\u00e4gt die Identit\u00e4t und das Angebot von Rena. Eine reichhaltige Auswahl an fachm\u00e4nnisch ausgew\u00e4hlten Weinen rundet Ihr Geschmackserlebnis ab.<\/span>\n<\/div>\t\t\t\t<\/div>\n\t\t\t\t<\/div>\n\t\t\t\t\t<\/div>\n\t\t<\/div>\n\t\t\t\t\t<\/div>\n\t\t<\/section>\n\t\t\t\t<section class=\"elementor-section elementor-top-section elementor-element elementor-element-9da2686 elementor-section-full_width qodef-elementor-content-grid elementor-section-height-default elementor-section-height-default\" data-id=\"9da2686\" data-element_type=\"section\" data-e-type=\"section\" id=\"experience\">\n\t\t\t\t\t\t<div class=\"elementor-container elementor-column-gap-no\">\n\t\t\t\t\t<div class=\"elementor-column elementor-col-100 elementor-top-column elementor-element elementor-element-c488931\" data-id=\"c488931\" data-element_type=\"column\" data-e-type=\"column\">\n\t\t\t<div class=\"elementor-widget-wrap elementor-element-populated\">\n\t\t\t\t\t\t<div class=\"elementor-element elementor-element-3fdc9ec elementor-widget elementor-widget-alloggio_core_section_title\" data-id=\"3fdc9ec\" data-element_type=\"widget\" data-e-type=\"widget\" data-widget_type=\"alloggio_core_section_title.default\">\n\t\t\t\t<div class=\"elementor-widget-container\">\n\t\t\t\t\t<div class=\"qodef-shortcode qodef-m  qodef-section-title qodef-alignment--center\">\n\t\t<h2 class=\"qodef-m-title\" >\n\t\t\t\t\tErfahrung\t\t\t<\/h2>\n\t\t<span class=\"qodef-m-text\" style=\"margin-top: 25px\">Die strategische Lage des Rena erm\u00f6glicht es Ihnen, einige der ber\u00fchmtesten italienischen Touristenziele, um die Sie die ganze Welt beneiden, bequem zu erreichen. Von Landschafts- und Naturtourismus bis hin zu religi\u00f6sem und kulturellem Tourismus, von Essen und Wein und Sport bis hin zu Spa und Wellness. Im Allgemeinen haben Sie die Qual der Wahl. Es k\u00f6nnen Rad- und Wanderwege, Segel-, Surf- und Tauchtage sowie Golfspiele auf den 18-Loch-Golfpl\u00e4tzen in der N\u00e4he des Rena organisiert werden.<\/span>\n<\/div>\t\t\t\t<\/div>\n\t\t\t\t<\/div>\n\t\t\t\t<div class=\"elementor-element elementor-element-edd0be2 elementor-widget elementor-widget-alloggio_core_section_title\" data-id=\"edd0be2\" data-element_type=\"widget\" data-e-type=\"widget\" data-widget_type=\"alloggio_core_section_title.default\">\n\t\t\t\t<div class=\"elementor-widget-container\">\n\t\t\t\t\t<div class=\"qodef-shortcode qodef-m  qodef-section-title qodef-alignment--center\">\n\t\t\t<span class=\"qodef-m-text\" style=\"margin-top: 25px\">\u2022 K\u00f6nigspalast von Caserta \n\u2022 Neapel, Pozzuoli-B\u00e4der, Campi Flegrei und Vesuv \n\u2022 Capri, Ischia und Procida \n\u2022 Pompeji und Herculaneum \n\u2022 Sorrent und Amalfik\u00fcste \n\u2022 Rom Kolosseum und Vatikan \n\u2022 Mittelalterliche Festung und Herzogspalast von Mondragone<\/span>\n<\/div>\t\t\t\t<\/div>\n\t\t\t\t<\/div>\n\t\t\t\t\t<\/div>\n\t\t<\/div>\n\t\t\t\t\t<\/div>\n\t\t<\/section>\n\t\t\t\t<section class=\"elementor-section elementor-top-section elementor-element elementor-element-ec2ba33 elementor-section-full_width qodef-elementor-content-grid elementor-hidden-desktop elementor-hidden-tablet elementor-hidden-mobile elementor-section-height-default elementor-section-height-default\" data-id=\"ec2ba33\" data-element_type=\"section\" data-e-type=\"section\">\n\t\t\t\t\t\t<div class=\"elementor-container elementor-column-gap-no\">\n\t\t\t\t\t<div class=\"elementor-column elementor-col-100 elementor-top-column elementor-element elementor-element-d525d41\" data-id=\"d525d41\" data-element_type=\"column\" data-e-type=\"column\">\n\t\t\t<div class=\"elementor-widget-wrap elementor-element-populated\">\n\t\t\t\t\t\t<div class=\"elementor-element elementor-element-c4040df elementor-widget elementor-widget-alloggio_core_video_button\" data-id=\"c4040df\" data-element_type=\"widget\" data-e-type=\"widget\" data-widget_type=\"alloggio_core_video_button.default\">\n\t\t\t\t<div class=\"elementor-widget-container\">\n\t\t\t\t\t<div class=\"qodef-shortcode qodef-m  qodef-video-button qodef--has-img\">\n\t    <div class=\"qodef-m-image\">\n\t\t<img fetchpriority=\"high\" decoding=\"async\" width=\"1300\" height=\"655\" src=\"https:\/\/www.renaresort.it\/wp-content\/uploads\/2022\/08\/renaresort.jpg\" class=\"attachment-full size-full\" alt=\"\" srcset=\"https:\/\/www.renaresort.it\/wp-content\/uploads\/2022\/08\/renaresort.jpg 1300w, https:\/\/www.renaresort.it\/wp-content\/uploads\/2022\/08\/renaresort-300x151.jpg 300w, https:\/\/www.renaresort.it\/wp-content\/uploads\/2022\/08\/renaresort-1024x516.jpg 1024w, https:\/\/www.renaresort.it\/wp-content\/uploads\/2022\/08\/renaresort-768x387.jpg 768w\" sizes=\"(max-width: 1300px) 100vw, 1300px\" \/>    <\/div>\n\t\t<a itemprop=\"url\" class=\"qodef-m-play qodef-magnific-popup qodef-popup-item\"  href=\"https:\/\/www.youtube.com\/watch?v=4vSLDLvic_E\" data-type=\"iframe\">\n\t\t<span class=\"qodef-m-play-inner\">\n\t\t\t\t\t\t<svg xmlns=\"http:\/\/www.w3.org\/2000\/svg\" xmlns:xlink=\"http:\/\/www.w3.org\/1999\/xlink\" x=\"0px\" y=\"0px\" viewBox=\"0 0 71 71\" enable-background=\"new 0 0 71 71\" xml:space=\"preserve\">\n\t\t\t\t<polygon points=\"49.2,35.5 25.8,22 25.8,49 \"\/>\n\t\t\t\t<circle cx=\"35.5\" cy=\"35.5\" r=\"35\"\/>\n\t\t\t<\/svg>\n\t\t<\/span>\n\t<\/a>\n<\/div>\t\t\t\t<\/div>\n\t\t\t\t<\/div>\n\t\t\t\t\t<\/div>\n\t\t<\/div>\n\t\t\t\t\t<\/div>\n\t\t<\/section>\n\t\t\t\t<section class=\"elementor-section elementor-top-section elementor-element elementor-element-e59721f elementor-section-full_width qodef-elementor-content-grid elementor-hidden-desktop elementor-hidden-tablet elementor-hidden-mobile elementor-section-height-default elementor-section-height-default\" data-id=\"e59721f\" data-element_type=\"section\" data-e-type=\"section\" data-settings=\"{&quot;background_background&quot;:&quot;classic&quot;}\">\n\t\t\t\t\t\t\t<div class=\"elementor-background-overlay\"><\/div>\n\t\t\t\t\t\t\t<div class=\"elementor-container elementor-column-gap-no\">\n\t\t\t\t\t<div class=\"elementor-column elementor-col-33 elementor-top-column elementor-element elementor-element-bf8a62a\" data-id=\"bf8a62a\" data-element_type=\"column\" data-e-type=\"column\">\n\t\t\t<div class=\"elementor-widget-wrap elementor-element-populated\">\n\t\t\t\t\t\t<div class=\"elementor-element elementor-element-0b5c94c elementor-widget elementor-widget-alloggio_core_image_with_text\" data-id=\"0b5c94c\" data-element_type=\"widget\" data-e-type=\"widget\" data-widget_type=\"alloggio_core_image_with_text.default\">\n\t\t\t\t<div class=\"elementor-widget-container\">\n\t\t\t\t\t<div class=\"qodef-shortcode qodef-m  qodef-image-with-text qodef-layout--text-below  \">\n\t<div class=\"qodef-m-image\">\n\t\t\t\t\t\t\t\t\t<img decoding=\"async\" width=\"35\" height=\"35\" src=\"https:\/\/www.renaresort.it\/wp-content\/uploads\/2020\/03\/h5-img-02.png\" class=\"qodef-e-main-image\" alt=\"a\" \/>\t\t\t\t\t\t\t\t\t<\/div>\t<div class=\"qodef-m-content\">\n\t\t\t<h4 class=\"qodef-m-title\" style=\"margin-top: 12px\">\n\t\t\t\t\tEsperienza\t\t\t<\/h4>\n\t\t\t<p class=\"qodef-m-text\" style=\"margin-top: 19px\">Vestibulum a blandit ex, in tempor dolor. Phasellus dolor nisl, volutpat sit amet mollis hendrerit, pharetra eget ex ipsum et primis.<\/p>\n\t<\/div>\n<\/div>\t\t\t\t<\/div>\n\t\t\t\t<\/div>\n\t\t\t\t<div class=\"elementor-element elementor-element-c72af58 elementor-widget elementor-widget-alloggio_core_image_with_text\" data-id=\"c72af58\" data-element_type=\"widget\" data-e-type=\"widget\" data-widget_type=\"alloggio_core_image_with_text.default\">\n\t\t\t\t<div class=\"elementor-widget-container\">\n\t\t\t\t\t<div class=\"qodef-shortcode qodef-m  qodef-image-with-text qodef-layout--text-below  \">\n\t<div class=\"qodef-m-image\">\n\t\t\t\t\t\t\t\t\t<img decoding=\"async\" width=\"35\" height=\"35\" src=\"https:\/\/www.renaresort.it\/wp-content\/uploads\/2020\/03\/h5-img-05.png\" class=\"qodef-e-main-image\" alt=\"a\" \/>\t\t\t\t\t\t\t\t\t<\/div>\t<div class=\"qodef-m-content\">\n\t\t\t<h4 class=\"qodef-m-title\" style=\"margin-top: 12px\">\n\t\t\t\t\tCancellazione\t\t\t<\/h4>\n\t\t\t<p class=\"qodef-m-text\" style=\"margin-top: 19px\">Vestibulum a blandit ex, in tempor dolor. Phasellus dolor nisl, volutpat sit amet mollis hendrerit, pharetra eget ex ipsum et primis.<\/p>\n\t<\/div>\n<\/div>\t\t\t\t<\/div>\n\t\t\t\t<\/div>\n\t\t\t\t\t<\/div>\n\t\t<\/div>\n\t\t\t\t<div class=\"elementor-column elementor-col-33 elementor-top-column elementor-element elementor-element-4a15b42\" data-id=\"4a15b42\" data-element_type=\"column\" data-e-type=\"column\">\n\t\t\t<div class=\"elementor-widget-wrap elementor-element-populated\">\n\t\t\t\t\t\t<div class=\"elementor-element elementor-element-5fabb59 elementor-widget elementor-widget-alloggio_core_image_with_text\" data-id=\"5fabb59\" data-element_type=\"widget\" data-e-type=\"widget\" data-widget_type=\"alloggio_core_image_with_text.default\">\n\t\t\t\t<div class=\"elementor-widget-container\">\n\t\t\t\t\t<div class=\"qodef-shortcode qodef-m  qodef-image-with-text qodef-layout--text-below  \">\n\t<div class=\"qodef-m-image\">\n\t\t\t\t\t\t\t\t\t<img loading=\"lazy\" decoding=\"async\" width=\"35\" height=\"35\" src=\"https:\/\/www.renaresort.it\/wp-content\/uploads\/2020\/03\/h5-img-03.png\" class=\"qodef-e-main-image\" alt=\"\" \/>\t\t\t\t\t\t\t\t\t<\/div>\t<div class=\"qodef-m-content\">\n\t\t\t<h4 class=\"qodef-m-title\" style=\"margin-top: 12px\">\n\t\t\t\t\tRiposo\t\t\t<\/h4>\n\t\t\t<p class=\"qodef-m-text\" style=\"margin-top: 19px\">Vestibulum a blandit ex, in tempor dolor. Phasellus dolor nisl, volutpat sit amet mollis hendrerit, pharetra eget ex ipsum et primis.<\/p>\n\t<\/div>\n<\/div>\t\t\t\t<\/div>\n\t\t\t\t<\/div>\n\t\t\t\t<div class=\"elementor-element elementor-element-fc10ac0 elementor-widget elementor-widget-alloggio_core_image_with_text\" data-id=\"fc10ac0\" data-element_type=\"widget\" data-e-type=\"widget\" data-widget_type=\"alloggio_core_image_with_text.default\">\n\t\t\t\t<div class=\"elementor-widget-container\">\n\t\t\t\t\t<div class=\"qodef-shortcode qodef-m  qodef-image-with-text qodef-layout--text-below  \">\n\t<div class=\"qodef-m-image\">\n\t\t\t\t\t\t\t\t\t<img loading=\"lazy\" decoding=\"async\" width=\"35\" height=\"35\" src=\"https:\/\/www.renaresort.it\/wp-content\/uploads\/2020\/03\/h5-img-06.png\" class=\"qodef-e-main-image\" alt=\"a\" \/>\t\t\t\t\t\t\t\t\t<\/div>\t<div class=\"qodef-m-content\">\n\t\t\t<h4 class=\"qodef-m-title\" style=\"margin-top: 12px\">\n\t\t\t\t\tModalit\u00e0 di pagamento\t\t\t<\/h4>\n\t\t\t<p class=\"qodef-m-text\" style=\"margin-top: 19px\">Vestibulum a blandit ex, in tempor dolor. Phasellus dolor nisl, volutpat sit amet mollis hendrerit, pharetra eget ex ipsum et primis.<\/p>\n\t<\/div>\n<\/div>\t\t\t\t<\/div>\n\t\t\t\t<\/div>\n\t\t\t\t\t<\/div>\n\t\t<\/div>\n\t\t\t\t<div class=\"elementor-column elementor-col-33 elementor-top-column elementor-element elementor-element-87c810e\" data-id=\"87c810e\" data-element_type=\"column\" data-e-type=\"column\">\n\t\t\t<div class=\"elementor-widget-wrap elementor-element-populated\">\n\t\t\t\t\t\t<div class=\"elementor-element elementor-element-68616a9 elementor-widget elementor-widget-alloggio_core_image_with_text\" data-id=\"68616a9\" data-element_type=\"widget\" data-e-type=\"widget\" data-widget_type=\"alloggio_core_image_with_text.default\">\n\t\t\t\t<div class=\"elementor-widget-container\">\n\t\t\t\t\t<div class=\"qodef-shortcode qodef-m  qodef-image-with-text qodef-layout--text-below  \">\n\t<div class=\"qodef-m-image\">\n\t\t\t\t\t\t\t\t\t<img loading=\"lazy\" decoding=\"async\" width=\"35\" height=\"35\" src=\"https:\/\/www.renaresort.it\/wp-content\/uploads\/2020\/03\/h5-img-04.png\" class=\"qodef-e-main-image\" alt=\"\" \/>\t\t\t\t\t\t\t\t\t<\/div>\t<div class=\"qodef-m-content\">\n\t\t\t<h4 class=\"qodef-m-title\" style=\"margin-top: 12px\">\n\t\t\t\t\tLocalit\u00e0\t\t\t<\/h4>\n\t\t\t<p class=\"qodef-m-text\" style=\"margin-top: 19px\">Vestibulum a blandit ex, in tempor dolor. Phasellus dolor nisl, volutpat sit amet mollis hendrerit, pharetra eget ex ipsum et primis.<\/p>\n\t<\/div>\n<\/div>\t\t\t\t<\/div>\n\t\t\t\t<\/div>\n\t\t\t\t<div class=\"elementor-element elementor-element-2ba2895 elementor-widget elementor-widget-alloggio_core_image_with_text\" data-id=\"2ba2895\" data-element_type=\"widget\" data-e-type=\"widget\" data-widget_type=\"alloggio_core_image_with_text.default\">\n\t\t\t\t<div class=\"elementor-widget-container\">\n\t\t\t\t\t<div class=\"qodef-shortcode qodef-m  qodef-image-with-text qodef-layout--text-below  \">\n\t<div class=\"qodef-m-image\">\n\t\t\t\t\t\t\t\t\t<img loading=\"lazy\" decoding=\"async\" width=\"35\" height=\"35\" src=\"https:\/\/www.renaresort.it\/wp-content\/uploads\/2020\/03\/h5-img-07.png\" class=\"qodef-e-main-image\" alt=\"a\" \/>\t\t\t\t\t\t\t\t\t<\/div>\t<div class=\"qodef-m-content\">\n\t\t\t<h4 class=\"qodef-m-title\" style=\"margin-top: 12px\">\n\t\t\t\t\tOfferte\t\t\t<\/h4>\n\t\t\t<p class=\"qodef-m-text\" style=\"margin-top: 19px\">Vestibulum a blandit ex, in tempor dolor. Phasellus dolor nisl, volutpat sit amet mollis hendrerit, pharetra eget ex ipsum et primis.<\/p>\n\t<\/div>\n<\/div>\t\t\t\t<\/div>\n\t\t\t\t<\/div>\n\t\t\t\t\t<\/div>\n\t\t<\/div>\n\t\t\t\t\t<\/div>\n\t\t<\/section>\n\t\t\t\t<section class=\"elementor-section elementor-top-section elementor-element elementor-element-ccf1882 elementor-section-full_width qodef-elementor-content-grid elementor-hidden-desktop elementor-hidden-tablet elementor-hidden-mobile elementor-section-height-default elementor-section-height-default\" data-id=\"ccf1882\" data-element_type=\"section\" data-e-type=\"section\">\n\t\t\t\t\t\t<div class=\"elementor-container elementor-column-gap-no\">\n\t\t\t\t\t<div class=\"elementor-column elementor-col-100 elementor-top-column elementor-element elementor-element-96ef65b\" data-id=\"96ef65b\" data-element_type=\"column\" data-e-type=\"column\">\n\t\t\t<div class=\"elementor-widget-wrap elementor-element-populated\">\n\t\t\t\t\t\t<div class=\"elementor-element elementor-element-bf87dd6 elementor-widget elementor-widget-alloggio_core_section_title\" data-id=\"bf87dd6\" data-element_type=\"widget\" data-e-type=\"widget\" data-widget_type=\"alloggio_core_section_title.default\">\n\t\t\t\t<div class=\"elementor-widget-container\">\n\t\t\t\t\t<div class=\"qodef-shortcode qodef-m  qodef-section-title qodef-alignment--center\">\n\t\t<h2 class=\"qodef-m-title\" >\n\t\t\t\t\tPerche scegliere noi\t\t\t<\/h2>\n\t\t<span class=\"qodef-m-text\" >Ut condimentum magna ut augue elementum ornare. Fusce posuere massa vitae maximus posuere. Mauris sagittis consectetur vulputate. Curabitur commodo est quis felis porttitor eleifend. Sed efficitur sem mi, et feugiat lorem scelerisque.<\/span>\n<\/div>\t\t\t\t<\/div>\n\t\t\t\t<\/div>\n\t\t\t\t\t<\/div>\n\t\t<\/div>\n\t\t\t\t\t<\/div>\n\t\t<\/section>\n\t\t\t\t<\/div>\n\t\t","protected":false},"excerpt":{"rendered":"<p>Zimmer &amp; Loft Die charmanten Zimmer und charmanten Lofts sind in einem eleganten mediterranen Stil eingerichtet und verf\u00fcgen alle \u00fcber einen privaten Strandservice. Alle L\u00f6sungen liegen nur einen Steinwurf vom Meer entfernt, in der N\u00e4he des Restaurants mit Blick auf den Garten und die jahrhundertealte D\u00fcne. Essen und Wein Die Speise- und Weinvorschl\u00e4ge unseres K\u00fcchenchefs [&hellip;]<\/p>\n","protected":false},"author":1,"featured_media":0,"parent":0,"menu_order":0,"comment_status":"closed","ping_status":"closed","template":"page-full-width.php","meta":{"inline_featured_image":false,"footnotes":""},"class_list":["post-6541","page","type-page","status-publish","hentry"],"yoast_head":"<!-- This site is optimized with the Yoast SEO plugin v27.4 - https:\/\/yoast.com\/product\/yoast-seo-wordpress\/ -->\n<title>Urlaub - Renaresort.it<\/title>\n<meta name=\"robots\" content=\"index, follow, max-snippet:-1, max-image-preview:large, max-video-preview:-1\" \/>\n<link rel=\"canonical\" href=\"https:\/\/www.renaresort.it\/de\/urlaub\/\" \/>\n<meta property=\"og:locale\" content=\"de_DE\" \/>\n<meta property=\"og:type\" content=\"article\" \/>\n<meta property=\"og:title\" content=\"Urlaub - Renaresort.it\" \/>\n<meta property=\"og:description\" content=\"Zimmer &amp; Loft Die charmanten Zimmer und charmanten Lofts sind in einem eleganten mediterranen Stil eingerichtet und verf\u00fcgen alle \u00fcber einen privaten Strandservice. Alle L\u00f6sungen liegen nur einen Steinwurf vom Meer entfernt, in der N\u00e4he des Restaurants mit Blick auf den Garten und die jahrhundertealte D\u00fcne. Essen und Wein Die Speise- und Weinvorschl\u00e4ge unseres K\u00fcchenchefs [&hellip;]\" \/>\n<meta property=\"og:url\" content=\"https:\/\/www.renaresort.it\/de\/urlaub\/\" \/>\n<meta property=\"og:site_name\" content=\"Renaresort.it\" \/>\n<meta property=\"article:modified_time\" content=\"2025-02-19T10:44:35+00:00\" \/>\n<meta property=\"og:image\" content=\"https:\/\/www.renaresort.it\/wp-content\/uploads\/2022\/08\/renaresort.jpg\" \/>\n<meta name=\"twitter:card\" content=\"summary_large_image\" \/>\n<meta name=\"twitter:label1\" content=\"Gesch\u00e4tzte Lesezeit\" \/>\n\t<meta name=\"twitter:data1\" content=\"4\u00a0Minuten\" \/>\n<script type=\"application\/ld+json\" class=\"yoast-schema-graph\">{\"@context\":\"https:\\\/\\\/schema.org\",\"@graph\":[{\"@type\":\"WebPage\",\"@id\":\"https:\\\/\\\/www.renaresort.it\\\/de\\\/urlaub\\\/\",\"url\":\"https:\\\/\\\/www.renaresort.it\\\/de\\\/urlaub\\\/\",\"name\":\"Urlaub - Renaresort.it\",\"isPartOf\":{\"@id\":\"https:\\\/\\\/www.renaresort.it\\\/#website\"},\"primaryImageOfPage\":{\"@id\":\"https:\\\/\\\/www.renaresort.it\\\/de\\\/urlaub\\\/#primaryimage\"},\"image\":{\"@id\":\"https:\\\/\\\/www.renaresort.it\\\/de\\\/urlaub\\\/#primaryimage\"},\"thumbnailUrl\":\"https:\\\/\\\/www.renaresort.it\\\/wp-content\\\/uploads\\\/2022\\\/08\\\/renaresort.jpg\",\"datePublished\":\"2022-08-09T12:44:10+00:00\",\"dateModified\":\"2025-02-19T10:44:35+00:00\",\"inLanguage\":\"de\",\"potentialAction\":[{\"@type\":\"ReadAction\",\"target\":[\"https:\\\/\\\/www.renaresort.it\\\/de\\\/urlaub\\\/\"]}]},{\"@type\":\"ImageObject\",\"inLanguage\":\"de\",\"@id\":\"https:\\\/\\\/www.renaresort.it\\\/de\\\/urlaub\\\/#primaryimage\",\"url\":\"https:\\\/\\\/www.renaresort.it\\\/wp-content\\\/uploads\\\/2022\\\/08\\\/renaresort.jpg\",\"contentUrl\":\"https:\\\/\\\/www.renaresort.it\\\/wp-content\\\/uploads\\\/2022\\\/08\\\/renaresort.jpg\"},{\"@type\":\"WebSite\",\"@id\":\"https:\\\/\\\/www.renaresort.it\\\/#website\",\"url\":\"https:\\\/\\\/www.renaresort.it\\\/\",\"name\":\"Renaresort.it\",\"description\":\"\",\"potentialAction\":[{\"@type\":\"SearchAction\",\"target\":{\"@type\":\"EntryPoint\",\"urlTemplate\":\"https:\\\/\\\/www.renaresort.it\\\/?s={search_term_string}\"},\"query-input\":{\"@type\":\"PropertyValueSpecification\",\"valueRequired\":true,\"valueName\":\"search_term_string\"}}],\"inLanguage\":\"de\"}]}<\/script>\n<!-- \/ Yoast SEO plugin. -->","yoast_head_json":{"title":"Urlaub - Renaresort.it","robots":{"index":"index","follow":"follow","max-snippet":"max-snippet:-1","max-image-preview":"max-image-preview:large","max-video-preview":"max-video-preview:-1"},"canonical":"https:\/\/www.renaresort.it\/de\/urlaub\/","og_locale":"de_DE","og_type":"article","og_title":"Urlaub - Renaresort.it","og_description":"Zimmer &amp; Loft Die charmanten Zimmer und charmanten Lofts sind in einem eleganten mediterranen Stil eingerichtet und verf\u00fcgen alle \u00fcber einen privaten Strandservice. Alle L\u00f6sungen liegen nur einen Steinwurf vom Meer entfernt, in der N\u00e4he des Restaurants mit Blick auf den Garten und die jahrhundertealte D\u00fcne. Essen und Wein Die Speise- und Weinvorschl\u00e4ge unseres K\u00fcchenchefs [&hellip;]","og_url":"https:\/\/www.renaresort.it\/de\/urlaub\/","og_site_name":"Renaresort.it","article_modified_time":"2025-02-19T10:44:35+00:00","og_image":[{"url":"https:\/\/www.renaresort.it\/wp-content\/uploads\/2022\/08\/renaresort.jpg","type":"","width":"","height":""}],"twitter_card":"summary_large_image","twitter_misc":{"Gesch\u00e4tzte Lesezeit":"4\u00a0Minuten"},"schema":{"@context":"https:\/\/schema.org","@graph":[{"@type":"WebPage","@id":"https:\/\/www.renaresort.it\/de\/urlaub\/","url":"https:\/\/www.renaresort.it\/de\/urlaub\/","name":"Urlaub - Renaresort.it","isPartOf":{"@id":"https:\/\/www.renaresort.it\/#website"},"primaryImageOfPage":{"@id":"https:\/\/www.renaresort.it\/de\/urlaub\/#primaryimage"},"image":{"@id":"https:\/\/www.renaresort.it\/de\/urlaub\/#primaryimage"},"thumbnailUrl":"https:\/\/www.renaresort.it\/wp-content\/uploads\/2022\/08\/renaresort.jpg","datePublished":"2022-08-09T12:44:10+00:00","dateModified":"2025-02-19T10:44:35+00:00","inLanguage":"de","potentialAction":[{"@type":"ReadAction","target":["https:\/\/www.renaresort.it\/de\/urlaub\/"]}]},{"@type":"ImageObject","inLanguage":"de","@id":"https:\/\/www.renaresort.it\/de\/urlaub\/#primaryimage","url":"https:\/\/www.renaresort.it\/wp-content\/uploads\/2022\/08\/renaresort.jpg","contentUrl":"https:\/\/www.renaresort.it\/wp-content\/uploads\/2022\/08\/renaresort.jpg"},{"@type":"WebSite","@id":"https:\/\/www.renaresort.it\/#website","url":"https:\/\/www.renaresort.it\/","name":"Renaresort.it","description":"","potentialAction":[{"@type":"SearchAction","target":{"@type":"EntryPoint","urlTemplate":"https:\/\/www.renaresort.it\/?s={search_term_string}"},"query-input":{"@type":"PropertyValueSpecification","valueRequired":true,"valueName":"search_term_string"}}],"inLanguage":"de"}]}},"_links":{"self":[{"href":"https:\/\/www.renaresort.it\/de\/wp-json\/wp\/v2\/pages\/6541","targetHints":{"allow":["GET"]}}],"collection":[{"href":"https:\/\/www.renaresort.it\/de\/wp-json\/wp\/v2\/pages"}],"about":[{"href":"https:\/\/www.renaresort.it\/de\/wp-json\/wp\/v2\/types\/page"}],"author":[{"embeddable":true,"href":"https:\/\/www.renaresort.it\/de\/wp-json\/wp\/v2\/users\/1"}],"replies":[{"embeddable":true,"href":"https:\/\/www.renaresort.it\/de\/wp-json\/wp\/v2\/comments?post=6541"}],"version-history":[{"count":5,"href":"https:\/\/www.renaresort.it\/de\/wp-json\/wp\/v2\/pages\/6541\/revisions"}],"predecessor-version":[{"id":6546,"href":"https:\/\/www.renaresort.it\/de\/wp-json\/wp\/v2\/pages\/6541\/revisions\/6546"}],"wp:attachment":[{"href":"https:\/\/www.renaresort.it\/de\/wp-json\/wp\/v2\/media?parent=6541"}],"curies":[{"name":"wp","href":"https:\/\/api.w.org\/{rel}","templated":true}]}}