{"id":6536,"date":"2022-07-28T10:25:30","date_gmt":"2022-07-28T08:25:30","guid":{"rendered":"https:\/\/www.renaresort.it\/standort\/"},"modified":"2025-02-19T11:33:09","modified_gmt":"2025-02-19T10:33:09","slug":"standort","status":"publish","type":"page","link":"https:\/\/www.renaresort.it\/de\/standort\/","title":{"rendered":"Standort"},"content":{"rendered":"\t\t<div data-elementor-type=\"wp-page\" data-elementor-id=\"6536\" class=\"elementor elementor-6536 elementor-5074\" data-elementor-post-type=\"page\">\n\t\t\t\t\t\t<section class=\"elementor-section elementor-top-section elementor-element elementor-element-55bc024 elementor-section-full_width qodef-elementor-content-grid elementor-section-height-default elementor-section-height-default\" data-id=\"55bc024\" data-element_type=\"section\" data-e-type=\"section\">\n\t\t\t\t\t\t<div class=\"elementor-container elementor-column-gap-no\">\n\t\t\t\t\t<div class=\"elementor-column elementor-col-100 elementor-top-column elementor-element elementor-element-5abf0b6\" data-id=\"5abf0b6\" data-element_type=\"column\" data-e-type=\"column\">\n\t\t\t<div class=\"elementor-widget-wrap elementor-element-populated\">\n\t\t\t\t\t\t<div class=\"elementor-element elementor-element-1522463 elementor-widget elementor-widget-alloggio_core_section_title\" data-id=\"1522463\" data-element_type=\"widget\" data-e-type=\"widget\" data-widget_type=\"alloggio_core_section_title.default\">\n\t\t\t\t<div class=\"elementor-widget-container\">\n\t\t\t\t\t<div class=\"qodef-shortcode qodef-m  qodef-section-title qodef-alignment--center\">\n\t\t\t<span class=\"qodef-m-text\" style=\"margin-top: 25px\">Das Rena Resort liegt in der antiken r\u00f6mischen Sinuessa im heutigen Mondragone an der K\u00fcste Kampaniens und ist der ideale Ort, um Ihren Urlaub am Meer zu verbringen und Ihre besondere Veranstaltung zu organisieren. Es verf\u00fcgt \u00fcber einen Privatstrand mit feinem goldenen Sand, der \u00fcber einen gro\u00dfen Garten zug\u00e4nglich ist, in dem die vielen f\u00fcr die mediterrane Flora typischen Pflanzen wachsen. Der Zugang zu den Lofts, Zimmern und dem Restaurant kann auch \u00fcber den kleinen Platz erfolgen, der von Zitronenb\u00e4umen der Halbinsel Sorrent umgeben ist. Das raffinierte und umfangreiche Speise- und Weinangebot, das auf lokalen Produkten und Weinen basiert, kann in den vier Innen- und Au\u00dfenr\u00e4umen genossen werden. Das Resort verf\u00fcgt \u00fcber einen gro\u00dfen Privatparkplatz, auf dem den G\u00e4sten auch eine Ladeinfrastruktur f\u00fcr Elektroautos zur Verf\u00fcgung steht.\nDas Rena Resort hat sich der vom Ministerium f\u00fcr Umwelt und Energiesicherheit gef\u00f6rderten Kampagne \u201ePlastik Frei\u201c angeschlossen und ist eine formelle Verpflichtung zum Verbot von Einwegplastik eingegangen https:\/\/www.mase.gov.it\/pagina\/come-aderire-alla-campagna-plasticfree<\/span>\n<\/div>\t\t\t\t<\/div>\n\t\t\t\t<\/div>\n\t\t\t\t\t<\/div>\n\t\t<\/div>\n\t\t\t\t\t<\/div>\n\t\t<\/section>\n\t\t\t\t<section class=\"elementor-section elementor-top-section elementor-element elementor-element-ec2ba33 elementor-section-full_width qodef-elementor-content-grid elementor-hidden-desktop elementor-hidden-tablet elementor-hidden-mobile elementor-section-height-default elementor-section-height-default\" data-id=\"ec2ba33\" data-element_type=\"section\" data-e-type=\"section\">\n\t\t\t\t\t\t<div class=\"elementor-container elementor-column-gap-no\">\n\t\t\t\t\t<div class=\"elementor-column elementor-col-100 elementor-top-column elementor-element elementor-element-d525d41\" data-id=\"d525d41\" data-element_type=\"column\" data-e-type=\"column\">\n\t\t\t<div class=\"elementor-widget-wrap elementor-element-populated\">\n\t\t\t\t\t\t<div class=\"elementor-element elementor-element-c4040df elementor-widget elementor-widget-alloggio_core_video_button\" data-id=\"c4040df\" data-element_type=\"widget\" data-e-type=\"widget\" data-widget_type=\"alloggio_core_video_button.default\">\n\t\t\t\t<div class=\"elementor-widget-container\">\n\t\t\t\t\t<div class=\"qodef-shortcode qodef-m  qodef-video-button qodef--has-img\">\n\t    <div class=\"qodef-m-image\">\n\t\t<img fetchpriority=\"high\" decoding=\"async\" width=\"1300\" height=\"655\" src=\"https:\/\/www.renaresort.it\/wp-content\/uploads\/2022\/08\/renaresort.jpg\" class=\"attachment-full size-full\" alt=\"\" srcset=\"https:\/\/www.renaresort.it\/wp-content\/uploads\/2022\/08\/renaresort.jpg 1300w, https:\/\/www.renaresort.it\/wp-content\/uploads\/2022\/08\/renaresort-300x151.jpg 300w, https:\/\/www.renaresort.it\/wp-content\/uploads\/2022\/08\/renaresort-1024x516.jpg 1024w, https:\/\/www.renaresort.it\/wp-content\/uploads\/2022\/08\/renaresort-768x387.jpg 768w\" sizes=\"(max-width: 1300px) 100vw, 1300px\" \/>    <\/div>\n\t\t<a itemprop=\"url\" class=\"qodef-m-play qodef-magnific-popup qodef-popup-item\"  href=\"https:\/\/www.youtube.com\/watch?v=67aCDMdWJDc\" data-type=\"iframe\">\n\t\t<span class=\"qodef-m-play-inner\">\n\t\t\t\t\t\t<svg xmlns=\"http:\/\/www.w3.org\/2000\/svg\" xmlns:xlink=\"http:\/\/www.w3.org\/1999\/xlink\" x=\"0px\" y=\"0px\" viewBox=\"0 0 71 71\" enable-background=\"new 0 0 71 71\" xml:space=\"preserve\">\n\t\t\t\t<polygon points=\"49.2,35.5 25.8,22 25.8,49 \"\/>\n\t\t\t\t<circle cx=\"35.5\" cy=\"35.5\" r=\"35\"\/>\n\t\t\t<\/svg>\n\t\t<\/span>\n\t<\/a>\n<\/div>\t\t\t\t<\/div>\n\t\t\t\t<\/div>\n\t\t\t\t\t<\/div>\n\t\t<\/div>\n\t\t\t\t\t<\/div>\n\t\t<\/section>\n\t\t\t\t<section class=\"elementor-section elementor-top-section elementor-element elementor-element-6a49433 elementor-section-full_width elementor-hidden-desktop elementor-hidden-tablet elementor-hidden-mobile elementor-section-height-default elementor-section-height-default qodef-elementor-content-no\" data-id=\"6a49433\" data-element_type=\"section\" data-e-type=\"section\" data-settings=\"{&quot;background_background&quot;:&quot;classic&quot;}\">\n\t\t\t\t\t\t\t<div class=\"elementor-background-overlay\"><\/div>\n\t\t\t\t\t\t\t<div class=\"elementor-container elementor-column-gap-no\">\n\t\t\t\t\t<div class=\"elementor-column elementor-col-100 elementor-top-column elementor-element elementor-element-91ca2de\" data-id=\"91ca2de\" data-element_type=\"column\" data-e-type=\"column\">\n\t\t\t<div class=\"elementor-widget-wrap\">\n\t\t\t\t\t\t\t<\/div>\n\t\t<\/div>\n\t\t\t\t\t<\/div>\n\t\t<\/section>\n\t\t\t\t<section class=\"elementor-section elementor-top-section elementor-element elementor-element-e59721f elementor-section-full_width qodef-elementor-content-grid elementor-hidden-desktop elementor-hidden-tablet elementor-hidden-mobile elementor-section-height-default elementor-section-height-default\" data-id=\"e59721f\" data-element_type=\"section\" data-e-type=\"section\" data-settings=\"{&quot;background_background&quot;:&quot;classic&quot;}\">\n\t\t\t\t\t\t\t<div class=\"elementor-background-overlay\"><\/div>\n\t\t\t\t\t\t\t<div class=\"elementor-container elementor-column-gap-no\">\n\t\t\t\t\t<div class=\"elementor-column elementor-col-33 elementor-top-column elementor-element elementor-element-bf8a62a\" data-id=\"bf8a62a\" data-element_type=\"column\" data-e-type=\"column\">\n\t\t\t<div class=\"elementor-widget-wrap elementor-element-populated\">\n\t\t\t\t\t\t<div class=\"elementor-element elementor-element-0b5c94c elementor-widget elementor-widget-alloggio_core_image_with_text\" data-id=\"0b5c94c\" data-element_type=\"widget\" data-e-type=\"widget\" data-widget_type=\"alloggio_core_image_with_text.default\">\n\t\t\t\t<div class=\"elementor-widget-container\">\n\t\t\t\t\t<div class=\"qodef-shortcode qodef-m  qodef-image-with-text qodef-layout--text-below  \">\n\t<div class=\"qodef-m-image\">\n\t\t\t\t\t\t\t\t\t<img decoding=\"async\" width=\"35\" height=\"35\" src=\"https:\/\/www.renaresort.it\/wp-content\/uploads\/2020\/03\/h5-img-02.png\" class=\"qodef-e-main-image\" alt=\"a\" \/>\t\t\t\t\t\t\t\t\t<\/div>\t<div class=\"qodef-m-content\">\n\t\t\t<h4 class=\"qodef-m-title\" style=\"margin-top: 12px\">\n\t\t\t\t\tEsperienza\t\t\t<\/h4>\n\t\t\t<p class=\"qodef-m-text\" style=\"margin-top: 19px\">Vestibulum a blandit ex, in tempor dolor. Phasellus dolor nisl, volutpat sit amet mollis hendrerit, pharetra eget ex ipsum et primis.<\/p>\n\t<\/div>\n<\/div>\t\t\t\t<\/div>\n\t\t\t\t<\/div>\n\t\t\t\t<div class=\"elementor-element elementor-element-c72af58 elementor-widget elementor-widget-alloggio_core_image_with_text\" data-id=\"c72af58\" data-element_type=\"widget\" data-e-type=\"widget\" data-widget_type=\"alloggio_core_image_with_text.default\">\n\t\t\t\t<div class=\"elementor-widget-container\">\n\t\t\t\t\t<div class=\"qodef-shortcode qodef-m  qodef-image-with-text qodef-layout--text-below  \">\n\t<div class=\"qodef-m-image\">\n\t\t\t\t\t\t\t\t\t<img decoding=\"async\" width=\"35\" height=\"35\" src=\"https:\/\/www.renaresort.it\/wp-content\/uploads\/2020\/03\/h5-img-05.png\" class=\"qodef-e-main-image\" alt=\"a\" \/>\t\t\t\t\t\t\t\t\t<\/div>\t<div class=\"qodef-m-content\">\n\t\t\t<h4 class=\"qodef-m-title\" style=\"margin-top: 12px\">\n\t\t\t\t\tCancellazione\t\t\t<\/h4>\n\t\t\t<p class=\"qodef-m-text\" style=\"margin-top: 19px\">Vestibulum a blandit ex, in tempor dolor. Phasellus dolor nisl, volutpat sit amet mollis hendrerit, pharetra eget ex ipsum et primis.<\/p>\n\t<\/div>\n<\/div>\t\t\t\t<\/div>\n\t\t\t\t<\/div>\n\t\t\t\t\t<\/div>\n\t\t<\/div>\n\t\t\t\t<div class=\"elementor-column elementor-col-33 elementor-top-column elementor-element elementor-element-4a15b42\" data-id=\"4a15b42\" data-element_type=\"column\" data-e-type=\"column\">\n\t\t\t<div class=\"elementor-widget-wrap elementor-element-populated\">\n\t\t\t\t\t\t<div class=\"elementor-element elementor-element-5fabb59 elementor-widget elementor-widget-alloggio_core_image_with_text\" data-id=\"5fabb59\" data-element_type=\"widget\" data-e-type=\"widget\" data-widget_type=\"alloggio_core_image_with_text.default\">\n\t\t\t\t<div class=\"elementor-widget-container\">\n\t\t\t\t\t<div class=\"qodef-shortcode qodef-m  qodef-image-with-text qodef-layout--text-below  \">\n\t<div class=\"qodef-m-image\">\n\t\t\t\t\t\t\t\t\t<img loading=\"lazy\" decoding=\"async\" width=\"35\" height=\"35\" src=\"https:\/\/www.renaresort.it\/wp-content\/uploads\/2020\/03\/h5-img-03.png\" class=\"qodef-e-main-image\" alt=\"\" \/>\t\t\t\t\t\t\t\t\t<\/div>\t<div class=\"qodef-m-content\">\n\t\t\t<h4 class=\"qodef-m-title\" style=\"margin-top: 12px\">\n\t\t\t\t\tRiposo\t\t\t<\/h4>\n\t\t\t<p class=\"qodef-m-text\" style=\"margin-top: 19px\">Vestibulum a blandit ex, in tempor dolor. Phasellus dolor nisl, volutpat sit amet mollis hendrerit, pharetra eget ex ipsum et primis.<\/p>\n\t<\/div>\n<\/div>\t\t\t\t<\/div>\n\t\t\t\t<\/div>\n\t\t\t\t<div class=\"elementor-element elementor-element-fc10ac0 elementor-widget elementor-widget-alloggio_core_image_with_text\" data-id=\"fc10ac0\" data-element_type=\"widget\" data-e-type=\"widget\" data-widget_type=\"alloggio_core_image_with_text.default\">\n\t\t\t\t<div class=\"elementor-widget-container\">\n\t\t\t\t\t<div class=\"qodef-shortcode qodef-m  qodef-image-with-text qodef-layout--text-below  \">\n\t<div class=\"qodef-m-image\">\n\t\t\t\t\t\t\t\t\t<img loading=\"lazy\" decoding=\"async\" width=\"35\" height=\"35\" src=\"https:\/\/www.renaresort.it\/wp-content\/uploads\/2020\/03\/h5-img-06.png\" class=\"qodef-e-main-image\" alt=\"a\" \/>\t\t\t\t\t\t\t\t\t<\/div>\t<div class=\"qodef-m-content\">\n\t\t\t<h4 class=\"qodef-m-title\" style=\"margin-top: 12px\">\n\t\t\t\t\tModalit\u00e0 di pagamento\t\t\t<\/h4>\n\t\t\t<p class=\"qodef-m-text\" style=\"margin-top: 19px\">Vestibulum a blandit ex, in tempor dolor. Phasellus dolor nisl, volutpat sit amet mollis hendrerit, pharetra eget ex ipsum et primis.<\/p>\n\t<\/div>\n<\/div>\t\t\t\t<\/div>\n\t\t\t\t<\/div>\n\t\t\t\t\t<\/div>\n\t\t<\/div>\n\t\t\t\t<div class=\"elementor-column elementor-col-33 elementor-top-column elementor-element elementor-element-87c810e\" data-id=\"87c810e\" data-element_type=\"column\" data-e-type=\"column\">\n\t\t\t<div class=\"elementor-widget-wrap elementor-element-populated\">\n\t\t\t\t\t\t<div class=\"elementor-element elementor-element-68616a9 elementor-widget elementor-widget-alloggio_core_image_with_text\" data-id=\"68616a9\" data-element_type=\"widget\" data-e-type=\"widget\" data-widget_type=\"alloggio_core_image_with_text.default\">\n\t\t\t\t<div class=\"elementor-widget-container\">\n\t\t\t\t\t<div class=\"qodef-shortcode qodef-m  qodef-image-with-text qodef-layout--text-below  \">\n\t<div class=\"qodef-m-image\">\n\t\t\t\t\t\t\t\t\t<img loading=\"lazy\" decoding=\"async\" width=\"35\" height=\"35\" src=\"https:\/\/www.renaresort.it\/wp-content\/uploads\/2020\/03\/h5-img-04.png\" class=\"qodef-e-main-image\" alt=\"\" \/>\t\t\t\t\t\t\t\t\t<\/div>\t<div class=\"qodef-m-content\">\n\t\t\t<h4 class=\"qodef-m-title\" style=\"margin-top: 12px\">\n\t\t\t\t\tLocalit\u00e0\t\t\t<\/h4>\n\t\t\t<p class=\"qodef-m-text\" style=\"margin-top: 19px\">Vestibulum a blandit ex, in tempor dolor. Phasellus dolor nisl, volutpat sit amet mollis hendrerit, pharetra eget ex ipsum et primis.<\/p>\n\t<\/div>\n<\/div>\t\t\t\t<\/div>\n\t\t\t\t<\/div>\n\t\t\t\t<div class=\"elementor-element elementor-element-2ba2895 elementor-widget elementor-widget-alloggio_core_image_with_text\" data-id=\"2ba2895\" data-element_type=\"widget\" data-e-type=\"widget\" data-widget_type=\"alloggio_core_image_with_text.default\">\n\t\t\t\t<div class=\"elementor-widget-container\">\n\t\t\t\t\t<div class=\"qodef-shortcode qodef-m  qodef-image-with-text qodef-layout--text-below  \">\n\t<div class=\"qodef-m-image\">\n\t\t\t\t\t\t\t\t\t<img loading=\"lazy\" decoding=\"async\" width=\"35\" height=\"35\" src=\"https:\/\/www.renaresort.it\/wp-content\/uploads\/2020\/03\/h5-img-07.png\" class=\"qodef-e-main-image\" alt=\"a\" \/>\t\t\t\t\t\t\t\t\t<\/div>\t<div class=\"qodef-m-content\">\n\t\t\t<h4 class=\"qodef-m-title\" style=\"margin-top: 12px\">\n\t\t\t\t\tOfferte\t\t\t<\/h4>\n\t\t\t<p class=\"qodef-m-text\" style=\"margin-top: 19px\">Vestibulum a blandit ex, in tempor dolor. Phasellus dolor nisl, volutpat sit amet mollis hendrerit, pharetra eget ex ipsum et primis.<\/p>\n\t<\/div>\n<\/div>\t\t\t\t<\/div>\n\t\t\t\t<\/div>\n\t\t\t\t\t<\/div>\n\t\t<\/div>\n\t\t\t\t\t<\/div>\n\t\t<\/section>\n\t\t\t\t<section class=\"elementor-section elementor-top-section elementor-element elementor-element-ccf1882 elementor-section-full_width qodef-elementor-content-grid elementor-hidden-desktop elementor-hidden-tablet elementor-hidden-mobile elementor-section-height-default elementor-section-height-default\" data-id=\"ccf1882\" data-element_type=\"section\" data-e-type=\"section\">\n\t\t\t\t\t\t<div class=\"elementor-container elementor-column-gap-no\">\n\t\t\t\t\t<div class=\"elementor-column elementor-col-100 elementor-top-column elementor-element elementor-element-96ef65b\" data-id=\"96ef65b\" data-element_type=\"column\" data-e-type=\"column\">\n\t\t\t<div class=\"elementor-widget-wrap elementor-element-populated\">\n\t\t\t\t\t\t<div class=\"elementor-element elementor-element-bf87dd6 elementor-widget elementor-widget-alloggio_core_section_title\" data-id=\"bf87dd6\" data-element_type=\"widget\" data-e-type=\"widget\" data-widget_type=\"alloggio_core_section_title.default\">\n\t\t\t\t<div class=\"elementor-widget-container\">\n\t\t\t\t\t<div class=\"qodef-shortcode qodef-m  qodef-section-title qodef-alignment--center\">\n\t\t<h2 class=\"qodef-m-title\" >\n\t\t\t\t\tPerche scegliere noi\t\t\t<\/h2>\n\t\t<span class=\"qodef-m-text\" >Ut condimentum magna ut augue elementum ornare. Fusce posuere massa vitae maximus posuere. Mauris sagittis consectetur vulputate. Curabitur commodo est quis felis porttitor eleifend. Sed efficitur sem mi, et feugiat lorem scelerisque.<\/span>\n<\/div>\t\t\t\t<\/div>\n\t\t\t\t<\/div>\n\t\t\t\t\t<\/div>\n\t\t<\/div>\n\t\t\t\t\t<\/div>\n\t\t<\/section>\n\t\t\t\t<\/div>\n\t\t","protected":false},"excerpt":{"rendered":"<p>Das Rena Resort liegt in der antiken r\u00f6mischen Sinuessa im heutigen Mondragone an der K\u00fcste Kampaniens und ist der ideale Ort, um Ihren Urlaub am Meer zu verbringen und Ihre besondere Veranstaltung zu organisieren. Es verf\u00fcgt \u00fcber einen Privatstrand mit feinem goldenen Sand, der \u00fcber einen gro\u00dfen Garten zug\u00e4nglich ist, in dem die vielen f\u00fcr [&hellip;]<\/p>\n","protected":false},"author":1,"featured_media":0,"parent":0,"menu_order":0,"comment_status":"closed","ping_status":"closed","template":"page-full-width.php","meta":{"inline_featured_image":false,"footnotes":""},"class_list":["post-6536","page","type-page","status-publish","hentry"],"yoast_head":"<!-- This site is optimized with the Yoast SEO plugin v27.4 - https:\/\/yoast.com\/product\/yoast-seo-wordpress\/ -->\n<title>Standort - Renaresort.it<\/title>\n<meta name=\"robots\" content=\"index, follow, max-snippet:-1, max-image-preview:large, max-video-preview:-1\" \/>\n<link rel=\"canonical\" href=\"https:\/\/www.renaresort.it\/de\/standort\/\" \/>\n<meta property=\"og:locale\" content=\"de_DE\" \/>\n<meta property=\"og:type\" content=\"article\" \/>\n<meta property=\"og:title\" content=\"Standort - Renaresort.it\" \/>\n<meta property=\"og:description\" content=\"Das Rena Resort liegt in der antiken r\u00f6mischen Sinuessa im heutigen Mondragone an der K\u00fcste Kampaniens und ist der ideale Ort, um Ihren Urlaub am Meer zu verbringen und Ihre besondere Veranstaltung zu organisieren. Es verf\u00fcgt \u00fcber einen Privatstrand mit feinem goldenen Sand, der \u00fcber einen gro\u00dfen Garten zug\u00e4nglich ist, in dem die vielen f\u00fcr [&hellip;]\" \/>\n<meta property=\"og:url\" content=\"https:\/\/www.renaresort.it\/de\/standort\/\" \/>\n<meta property=\"og:site_name\" content=\"Renaresort.it\" \/>\n<meta property=\"article:modified_time\" content=\"2025-02-19T10:33:09+00:00\" \/>\n<meta property=\"og:image\" content=\"https:\/\/www.renaresort.it\/wp-content\/uploads\/2022\/08\/renaresort.jpg\" \/>\n<meta name=\"twitter:card\" content=\"summary_large_image\" \/>\n<meta name=\"twitter:label1\" content=\"Gesch\u00e4tzte Lesezeit\" \/>\n\t<meta name=\"twitter:data1\" content=\"4\u00a0Minuten\" \/>\n<script type=\"application\/ld+json\" class=\"yoast-schema-graph\">{\"@context\":\"https:\\\/\\\/schema.org\",\"@graph\":[{\"@type\":\"WebPage\",\"@id\":\"https:\\\/\\\/www.renaresort.it\\\/de\\\/standort\\\/\",\"url\":\"https:\\\/\\\/www.renaresort.it\\\/de\\\/standort\\\/\",\"name\":\"Standort - Renaresort.it\",\"isPartOf\":{\"@id\":\"https:\\\/\\\/www.renaresort.it\\\/#website\"},\"primaryImageOfPage\":{\"@id\":\"https:\\\/\\\/www.renaresort.it\\\/de\\\/standort\\\/#primaryimage\"},\"image\":{\"@id\":\"https:\\\/\\\/www.renaresort.it\\\/de\\\/standort\\\/#primaryimage\"},\"thumbnailUrl\":\"https:\\\/\\\/www.renaresort.it\\\/wp-content\\\/uploads\\\/2022\\\/08\\\/renaresort.jpg\",\"datePublished\":\"2022-07-28T08:25:30+00:00\",\"dateModified\":\"2025-02-19T10:33:09+00:00\",\"inLanguage\":\"de\",\"potentialAction\":[{\"@type\":\"ReadAction\",\"target\":[\"https:\\\/\\\/www.renaresort.it\\\/de\\\/standort\\\/\"]}]},{\"@type\":\"ImageObject\",\"inLanguage\":\"de\",\"@id\":\"https:\\\/\\\/www.renaresort.it\\\/de\\\/standort\\\/#primaryimage\",\"url\":\"https:\\\/\\\/www.renaresort.it\\\/wp-content\\\/uploads\\\/2022\\\/08\\\/renaresort.jpg\",\"contentUrl\":\"https:\\\/\\\/www.renaresort.it\\\/wp-content\\\/uploads\\\/2022\\\/08\\\/renaresort.jpg\"},{\"@type\":\"WebSite\",\"@id\":\"https:\\\/\\\/www.renaresort.it\\\/#website\",\"url\":\"https:\\\/\\\/www.renaresort.it\\\/\",\"name\":\"Renaresort.it\",\"description\":\"\",\"potentialAction\":[{\"@type\":\"SearchAction\",\"target\":{\"@type\":\"EntryPoint\",\"urlTemplate\":\"https:\\\/\\\/www.renaresort.it\\\/?s={search_term_string}\"},\"query-input\":{\"@type\":\"PropertyValueSpecification\",\"valueRequired\":true,\"valueName\":\"search_term_string\"}}],\"inLanguage\":\"de\"}]}<\/script>\n<!-- \/ Yoast SEO plugin. -->","yoast_head_json":{"title":"Standort - Renaresort.it","robots":{"index":"index","follow":"follow","max-snippet":"max-snippet:-1","max-image-preview":"max-image-preview:large","max-video-preview":"max-video-preview:-1"},"canonical":"https:\/\/www.renaresort.it\/de\/standort\/","og_locale":"de_DE","og_type":"article","og_title":"Standort - Renaresort.it","og_description":"Das Rena Resort liegt in der antiken r\u00f6mischen Sinuessa im heutigen Mondragone an der K\u00fcste Kampaniens und ist der ideale Ort, um Ihren Urlaub am Meer zu verbringen und Ihre besondere Veranstaltung zu organisieren. Es verf\u00fcgt \u00fcber einen Privatstrand mit feinem goldenen Sand, der \u00fcber einen gro\u00dfen Garten zug\u00e4nglich ist, in dem die vielen f\u00fcr [&hellip;]","og_url":"https:\/\/www.renaresort.it\/de\/standort\/","og_site_name":"Renaresort.it","article_modified_time":"2025-02-19T10:33:09+00:00","og_image":[{"url":"https:\/\/www.renaresort.it\/wp-content\/uploads\/2022\/08\/renaresort.jpg","type":"","width":"","height":""}],"twitter_card":"summary_large_image","twitter_misc":{"Gesch\u00e4tzte Lesezeit":"4\u00a0Minuten"},"schema":{"@context":"https:\/\/schema.org","@graph":[{"@type":"WebPage","@id":"https:\/\/www.renaresort.it\/de\/standort\/","url":"https:\/\/www.renaresort.it\/de\/standort\/","name":"Standort - Renaresort.it","isPartOf":{"@id":"https:\/\/www.renaresort.it\/#website"},"primaryImageOfPage":{"@id":"https:\/\/www.renaresort.it\/de\/standort\/#primaryimage"},"image":{"@id":"https:\/\/www.renaresort.it\/de\/standort\/#primaryimage"},"thumbnailUrl":"https:\/\/www.renaresort.it\/wp-content\/uploads\/2022\/08\/renaresort.jpg","datePublished":"2022-07-28T08:25:30+00:00","dateModified":"2025-02-19T10:33:09+00:00","inLanguage":"de","potentialAction":[{"@type":"ReadAction","target":["https:\/\/www.renaresort.it\/de\/standort\/"]}]},{"@type":"ImageObject","inLanguage":"de","@id":"https:\/\/www.renaresort.it\/de\/standort\/#primaryimage","url":"https:\/\/www.renaresort.it\/wp-content\/uploads\/2022\/08\/renaresort.jpg","contentUrl":"https:\/\/www.renaresort.it\/wp-content\/uploads\/2022\/08\/renaresort.jpg"},{"@type":"WebSite","@id":"https:\/\/www.renaresort.it\/#website","url":"https:\/\/www.renaresort.it\/","name":"Renaresort.it","description":"","potentialAction":[{"@type":"SearchAction","target":{"@type":"EntryPoint","urlTemplate":"https:\/\/www.renaresort.it\/?s={search_term_string}"},"query-input":{"@type":"PropertyValueSpecification","valueRequired":true,"valueName":"search_term_string"}}],"inLanguage":"de"}]}},"_links":{"self":[{"href":"https:\/\/www.renaresort.it\/de\/wp-json\/wp\/v2\/pages\/6536","targetHints":{"allow":["GET"]}}],"collection":[{"href":"https:\/\/www.renaresort.it\/de\/wp-json\/wp\/v2\/pages"}],"about":[{"href":"https:\/\/www.renaresort.it\/de\/wp-json\/wp\/v2\/types\/page"}],"author":[{"embeddable":true,"href":"https:\/\/www.renaresort.it\/de\/wp-json\/wp\/v2\/users\/1"}],"replies":[{"embeddable":true,"href":"https:\/\/www.renaresort.it\/de\/wp-json\/wp\/v2\/comments?post=6536"}],"version-history":[{"count":4,"href":"https:\/\/www.renaresort.it\/de\/wp-json\/wp\/v2\/pages\/6536\/revisions"}],"predecessor-version":[{"id":6540,"href":"https:\/\/www.renaresort.it\/de\/wp-json\/wp\/v2\/pages\/6536\/revisions\/6540"}],"wp:attachment":[{"href":"https:\/\/www.renaresort.it\/de\/wp-json\/wp\/v2\/media?parent=6536"}],"curies":[{"name":"wp","href":"https:\/\/api.w.org\/{rel}","templated":true}]}}